{"id":209,"date":"2016-11-26T22:06:05","date_gmt":"2016-11-26T21:06:05","guid":{"rendered":"http:\/\/osramic.edu.ba\/?page_id=209"},"modified":"2017-04-10T19:25:47","modified_gmt":"2017-04-10T18:25:47","slug":"projekat-poboljsanje-discipline","status":"publish","type":"page","link":"http:\/\/osramic.edu.ba\/?page_id=209","title":{"rendered":"Projekat \u201ePobolj\u0161anje discipline\u201c"},"content":{"rendered":"<p><strong>Cilj projekta:<\/strong>Pobolj\u0161anje discipline u u\u010dionici<\/p>\n<p><strong>Metode i aktivnosti:<\/strong><\/p>\n<table>\n<tbody>\n<tr>\n<td>Pobolj\u0161anje discipline u nastavnom procesu.<\/p>\n<p>-Svakodnevno pra\u0107enje i ocjenjivanje discipline na \u010dasovima od strane predmetnih nastavnika.<\/p>\n<p>-Progla\u0161avanje najuspje\u0161nijeg odjeljenja iz kategorija:<\/p>\n<p>-V, VI, VII razred<\/p>\n<p>-VIII i IX razred za period kraj oktobra, decembra, marta i maja<\/p>\n<p>-Nagrade za najuspje\u0161nija odjeljenja<\/td>\n<\/tr>\n<\/tbody>\n<\/table>\n<p><strong>Nadle\u017ena\/odgovorna osoba:<\/strong>Direktor, pedagog, Sadeta Zimi\u0107, Elvira Roka<\/p>\n<p><em><strong>SEPTEMBAR-OKTOBAR<\/strong><\/em><\/p>\n<p>Za mjesec septembar i oktobar provedeno je takmi\u010denje me\u0111u odjeljenjima u disciplini.<\/p>\n<p>U kategoriji V,VI i VIII razreda najbolje odjeljenje je V2 sa prosje\u010dnom ocjenom 4,98.<\/p>\n<p>U kategoriji VIII i IX razreda najbolje odjeljenje je VIII2 sa prosje\u010dnom ocjenom 4,82.<\/p>\n<p>Odjeljenja V2 i VIII2 su nagra\u0111ena sportskim dru\u017eenjem u \u0161kolskoj sali 8.11.2016.godine.<\/p>\n<p>Nagra\u0111ena odjeljenja su kvalitetno i u sportskoj igri provela vrijeme,a do izra\u017eaja je do\u0161la i saradnja u\u010denika razli\u010ditih generacija.<\/p>\n<p><em><strong>FEBRUAR-MART<\/strong><\/em><\/p>\n<p>Za mjesec februar i mart provedeno je takmi\u010denje me\u0111u odjeljenjima u disciplini.<\/p>\n<p>U kategoriji V,VI i VIII razreda najbolje odjeljenje je V1 sa prosje\u010dnom ocjenom 4,95.<\/p>\n<p>U kategoriji VIII i IX razreda najbolje odjeljenje je IX1 sa prosje\u010dnom ocjenom 4,93.<\/p>\n<p>Odjeljenja V1 i IX1 su nagra\u0111ena projekcijom filma u \u0161koli 6.4.2017.godine .<\/p>\n<p><img loading=\"lazy\" decoding=\"async\" class=\"alignnone size-medium wp-image-551\" src=\"http:\/\/osramic.edu.ba\/wp-content\/uploads\/2017\/04\/20170406_135003-300x225.jpg\" alt=\"20170406_135003\" width=\"300\" height=\"225\" srcset=\"http:\/\/osramic.edu.ba\/wp-content\/uploads\/2017\/04\/20170406_135003-300x225.jpg 300w, http:\/\/osramic.edu.ba\/wp-content\/uploads\/2017\/04\/20170406_135003-768x576.jpg 768w, http:\/\/osramic.edu.ba\/wp-content\/uploads\/2017\/04\/20170406_135003-1024x768.jpg 1024w\" sizes=\"auto, (max-width: 300px) 100vw, 300px\" \/>\u00a0<img loading=\"lazy\" decoding=\"async\" class=\"alignnone size-medium wp-image-550\" src=\"http:\/\/osramic.edu.ba\/wp-content\/uploads\/2017\/04\/20170406_132555-225x300.jpg\" alt=\"20170406_132555\" width=\"225\" height=\"300\" srcset=\"http:\/\/osramic.edu.ba\/wp-content\/uploads\/2017\/04\/20170406_132555-225x300.jpg 225w, http:\/\/osramic.edu.ba\/wp-content\/uploads\/2017\/04\/20170406_132555-768x1024.jpg 768w, http:\/\/osramic.edu.ba\/wp-content\/uploads\/2017\/04\/20170406_132555.jpg 1932w\" sizes=\"auto, (max-width: 225px) 100vw, 225px\" \/><\/p>\n","protected":false},"excerpt":{"rendered":"<p>Cilj projekta:Pobolj\u0161anje discipline u u\u010dionici Metode i aktivnosti: Pobolj\u0161anje discipline u nastavnom procesu. -Svakodnevno pra\u0107enje i ocjenjivanje discipline na \u010dasovima od strane predmetnih nastavnika. -Progla\u0161avanje najuspje\u0161nijeg odjeljenja iz kategorija: -V, VI, VII razred -VIII i IX razred za period kraj oktobra, decembra, marta i maja -Nagrade za najuspje\u0161nija odjeljenja Nadle\u017ena\/odgovorna osoba:Direktor, pedagog, Sadeta Zimi\u0107, Elvira&#8230;<\/p>\n","protected":false},"author":1,"featured_media":0,"parent":0,"menu_order":0,"comment_status":"closed","ping_status":"closed","template":"","meta":{"footnotes":""},"class_list":["post-209","page","type-page","status-publish","hentry"],"_links":{"self":[{"href":"http:\/\/osramic.edu.ba\/index.php?rest_route=\/wp\/v2\/pages\/209","targetHints":{"allow":["GET"]}}],"collection":[{"href":"http:\/\/osramic.edu.ba\/index.php?rest_route=\/wp\/v2\/pages"}],"about":[{"href":"http:\/\/osramic.edu.ba\/index.php?rest_route=\/wp\/v2\/types\/page"}],"author":[{"embeddable":true,"href":"http:\/\/osramic.edu.ba\/index.php?rest_route=\/wp\/v2\/users\/1"}],"replies":[{"embeddable":true,"href":"http:\/\/osramic.edu.ba\/index.php?rest_route=%2Fwp%2Fv2%2Fcomments&post=209"}],"version-history":[{"count":5,"href":"http:\/\/osramic.edu.ba\/index.php?rest_route=\/wp\/v2\/pages\/209\/revisions"}],"predecessor-version":[{"id":553,"href":"http:\/\/osramic.edu.ba\/index.php?rest_route=\/wp\/v2\/pages\/209\/revisions\/553"}],"wp:attachment":[{"href":"http:\/\/osramic.edu.ba\/index.php?rest_route=%2Fwp%2Fv2%2Fmedia&parent=209"}],"curies":[{"name":"wp","href":"https:\/\/api.w.org\/{rel}","templated":true}]}}