{"id":213,"date":"2016-11-26T22:07:55","date_gmt":"2016-11-26T21:07:55","guid":{"rendered":"http:\/\/osramic.edu.ba\/?page_id=213"},"modified":"2017-05-11T21:04:16","modified_gmt":"2017-05-11T20:04:16","slug":"projekat-zdrava-hrana","status":"publish","type":"page","link":"http:\/\/osramic.edu.ba\/?page_id=213","title":{"rendered":"Projekat \u201eZdrava hrana\u201c"},"content":{"rendered":"<p><strong>Cilj projekta:<\/strong>Razvijanje svijesti o pravilnoj ishrani kod u\u010denika.<\/p>\n<p><strong>Metode i aktivnosti:<\/strong><\/p>\n<p>-Hranimo se zdravo, to je na\u0161e pravo.<\/p>\n<p>-Obilje\u017eavanje &#8220;Dana jabuke&#8221;.<\/p>\n<p>-Upoznavanje vitamina<\/p>\n<p>-Radionice i priprema hrane (roditelji i u\u010denici)<\/p>\n<p>-Anketa<\/p>\n<p>-Obilje\u017eavanje Dana zdravlja<\/p>\n<p>-Priprema plastenika i proizvodnja zdrave hrane<\/p>\n<p><strong>Nadle\u017ena\/ odgovorna osoba:<\/strong>Direktor, pedagog, Mediha Deli\u0107 Lila, Ismir Halilovi\u0107.<\/p>\n<p>&nbsp;<\/p>\n<p><strong>OKTOBAR<\/strong><\/p>\n<p>Obilje\u017eavanje \u201cSvjetskog dana jabuke\u201d -20.10.2016.god.kroz temu\u00a0\u201cHranimo se zdravo to je dje\u010dije pravo\u201d.Tom prilikom su svi u\u010denici za u\u017einu dobili ekolo\u0161ki uzgojene jabuke .<\/p>\n<p><img loading=\"lazy\" decoding=\"async\" class=\"alignnone size-medium wp-image-175\" src=\"http:\/\/osramic.edu.ba\/wp-content\/uploads\/2016\/11\/image-0-02-05-3780dfc606d73bb5aa7f4ea551f5f6affb9c40f4f0c6ecb4cd18ab2b43dee1ef-V-169x300.jpg\" alt=\"image-0-02-05-3780dfc606d73bb5aa7f4ea551f5f6affb9c40f4f0c6ecb4cd18ab2b43dee1ef-v\" width=\"169\" height=\"300\" srcset=\"http:\/\/osramic.edu.ba\/wp-content\/uploads\/2016\/11\/image-0-02-05-3780dfc606d73bb5aa7f4ea551f5f6affb9c40f4f0c6ecb4cd18ab2b43dee1ef-V-169x300.jpg 169w, http:\/\/osramic.edu.ba\/wp-content\/uploads\/2016\/11\/image-0-02-05-3780dfc606d73bb5aa7f4ea551f5f6affb9c40f4f0c6ecb4cd18ab2b43dee1ef-V-576x1024.jpg 576w, http:\/\/osramic.edu.ba\/wp-content\/uploads\/2016\/11\/image-0-02-05-3780dfc606d73bb5aa7f4ea551f5f6affb9c40f4f0c6ecb4cd18ab2b43dee1ef-V.jpg 720w\" sizes=\"auto, (max-width: 169px) 100vw, 169px\" \/>\u00a0<img loading=\"lazy\" decoding=\"async\" class=\"alignnone size-medium wp-image-174\" src=\"http:\/\/osramic.edu.ba\/wp-content\/uploads\/2016\/11\/image-0-02-05-40ca93c7b5d62ecc27971bb9e52c7a20616bac71a6200428f49bec58fb5ed87e-V-169x300.jpg\" alt=\"image-0-02-05-40ca93c7b5d62ecc27971bb9e52c7a20616bac71a6200428f49bec58fb5ed87e-v\" width=\"169\" height=\"300\" srcset=\"http:\/\/osramic.edu.ba\/wp-content\/uploads\/2016\/11\/image-0-02-05-40ca93c7b5d62ecc27971bb9e52c7a20616bac71a6200428f49bec58fb5ed87e-V-169x300.jpg 169w, http:\/\/osramic.edu.ba\/wp-content\/uploads\/2016\/11\/image-0-02-05-40ca93c7b5d62ecc27971bb9e52c7a20616bac71a6200428f49bec58fb5ed87e-V-576x1024.jpg 576w, http:\/\/osramic.edu.ba\/wp-content\/uploads\/2016\/11\/image-0-02-05-40ca93c7b5d62ecc27971bb9e52c7a20616bac71a6200428f49bec58fb5ed87e-V.jpg 720w\" sizes=\"auto, (max-width: 169px) 100vw, 169px\" \/>\u00a0<img loading=\"lazy\" decoding=\"async\" class=\"alignnone size-medium wp-image-173\" src=\"http:\/\/osramic.edu.ba\/wp-content\/uploads\/2016\/11\/image-0-02-05-201ebddcc6fca890ebfd09d5a87144e2ab44efda8fdfe24fcbdf5faf6ce3b677-V-169x300.jpg\" alt=\"image-0-02-05-201ebddcc6fca890ebfd09d5a87144e2ab44efda8fdfe24fcbdf5faf6ce3b677-v\" width=\"169\" height=\"300\" srcset=\"http:\/\/osramic.edu.ba\/wp-content\/uploads\/2016\/11\/image-0-02-05-201ebddcc6fca890ebfd09d5a87144e2ab44efda8fdfe24fcbdf5faf6ce3b677-V-169x300.jpg 169w, http:\/\/osramic.edu.ba\/wp-content\/uploads\/2016\/11\/image-0-02-05-201ebddcc6fca890ebfd09d5a87144e2ab44efda8fdfe24fcbdf5faf6ce3b677-V-576x1024.jpg 576w, http:\/\/osramic.edu.ba\/wp-content\/uploads\/2016\/11\/image-0-02-05-201ebddcc6fca890ebfd09d5a87144e2ab44efda8fdfe24fcbdf5faf6ce3b677-V.jpg 720w\" sizes=\"auto, (max-width: 169px) 100vw, 169px\" \/><\/p>\n<p><strong>NOVEMBAR<\/strong><\/p>\n<p>Realizirana radionica za u\u010denike II razreda na temu &#8220;Vitamini&#8221;.Pomo\u0107 u realizaciji smo imali od u\u010denika IX-tih razreda koji su pripremili prezentaciju o vitaminima.Mali\u0161ani su se nastavili igrati tra\u017ee\u0107i slike o odre\u0111enim vitaminima a i roditelji su se uklju\u010dili prave\u0107i zdravu u\u017einu.<\/p>\n<p><img loading=\"lazy\" decoding=\"async\" class=\"alignnone size-medium wp-image-260\" src=\"http:\/\/osramic.edu.ba\/wp-content\/uploads\/2016\/11\/image-0-02-05-2bfd585146de8f74b35b78117821f090cb7344c8097f86b9ca8a160e234de0bd-V-300x225.jpg\" alt=\"image-0-02-05-2bfd585146de8f74b35b78117821f090cb7344c8097f86b9ca8a160e234de0bd-v\" width=\"300\" height=\"225\" srcset=\"http:\/\/osramic.edu.ba\/wp-content\/uploads\/2016\/11\/image-0-02-05-2bfd585146de8f74b35b78117821f090cb7344c8097f86b9ca8a160e234de0bd-V-300x225.jpg 300w, http:\/\/osramic.edu.ba\/wp-content\/uploads\/2016\/11\/image-0-02-05-2bfd585146de8f74b35b78117821f090cb7344c8097f86b9ca8a160e234de0bd-V-768x576.jpg 768w, http:\/\/osramic.edu.ba\/wp-content\/uploads\/2016\/11\/image-0-02-05-2bfd585146de8f74b35b78117821f090cb7344c8097f86b9ca8a160e234de0bd-V-1024x768.jpg 1024w, http:\/\/osramic.edu.ba\/wp-content\/uploads\/2016\/11\/image-0-02-05-2bfd585146de8f74b35b78117821f090cb7344c8097f86b9ca8a160e234de0bd-V.jpg 1280w\" sizes=\"auto, (max-width: 300px) 100vw, 300px\" \/> <img loading=\"lazy\" decoding=\"async\" class=\"alignnone size-medium wp-image-261\" src=\"http:\/\/osramic.edu.ba\/wp-content\/uploads\/2016\/11\/image-0-02-05-3a408f318c34d57179c54175f818f9f5ed3596137bc46dfad2dc5cb404cd8dd5-V-300x225.jpg\" alt=\"image-0-02-05-3a408f318c34d57179c54175f818f9f5ed3596137bc46dfad2dc5cb404cd8dd5-v\" width=\"300\" height=\"225\" srcset=\"http:\/\/osramic.edu.ba\/wp-content\/uploads\/2016\/11\/image-0-02-05-3a408f318c34d57179c54175f818f9f5ed3596137bc46dfad2dc5cb404cd8dd5-V-300x225.jpg 300w, http:\/\/osramic.edu.ba\/wp-content\/uploads\/2016\/11\/image-0-02-05-3a408f318c34d57179c54175f818f9f5ed3596137bc46dfad2dc5cb404cd8dd5-V-768x576.jpg 768w, http:\/\/osramic.edu.ba\/wp-content\/uploads\/2016\/11\/image-0-02-05-3a408f318c34d57179c54175f818f9f5ed3596137bc46dfad2dc5cb404cd8dd5-V-1024x768.jpg 1024w, http:\/\/osramic.edu.ba\/wp-content\/uploads\/2016\/11\/image-0-02-05-3a408f318c34d57179c54175f818f9f5ed3596137bc46dfad2dc5cb404cd8dd5-V.jpg 1280w\" sizes=\"auto, (max-width: 300px) 100vw, 300px\" \/> <img loading=\"lazy\" decoding=\"async\" class=\"alignnone size-medium wp-image-262\" src=\"http:\/\/osramic.edu.ba\/wp-content\/uploads\/2016\/11\/image-0-02-05-3dd1ccedcbf89555d267ad830430bbec99ec5e2fa5cf781a2165ba11e0a01c9f-V-300x225.jpg\" alt=\"image-0-02-05-3dd1ccedcbf89555d267ad830430bbec99ec5e2fa5cf781a2165ba11e0a01c9f-v\" width=\"300\" height=\"225\" srcset=\"http:\/\/osramic.edu.ba\/wp-content\/uploads\/2016\/11\/image-0-02-05-3dd1ccedcbf89555d267ad830430bbec99ec5e2fa5cf781a2165ba11e0a01c9f-V-300x225.jpg 300w, http:\/\/osramic.edu.ba\/wp-content\/uploads\/2016\/11\/image-0-02-05-3dd1ccedcbf89555d267ad830430bbec99ec5e2fa5cf781a2165ba11e0a01c9f-V-768x576.jpg 768w, http:\/\/osramic.edu.ba\/wp-content\/uploads\/2016\/11\/image-0-02-05-3dd1ccedcbf89555d267ad830430bbec99ec5e2fa5cf781a2165ba11e0a01c9f-V-1024x768.jpg 1024w, http:\/\/osramic.edu.ba\/wp-content\/uploads\/2016\/11\/image-0-02-05-3dd1ccedcbf89555d267ad830430bbec99ec5e2fa5cf781a2165ba11e0a01c9f-V.jpg 1280w\" sizes=\"auto, (max-width: 300px) 100vw, 300px\" \/>\u00a0<img loading=\"lazy\" decoding=\"async\" class=\"alignnone size-medium wp-image-263\" src=\"http:\/\/osramic.edu.ba\/wp-content\/uploads\/2016\/11\/image-0-02-05-7729f3b3cc373dc4ebc855e077240f5f62488a9d70e7422d0f0bcba92eec53dd-V-300x225.jpg\" alt=\"image-0-02-05-7729f3b3cc373dc4ebc855e077240f5f62488a9d70e7422d0f0bcba92eec53dd-v\" width=\"300\" height=\"225\" srcset=\"http:\/\/osramic.edu.ba\/wp-content\/uploads\/2016\/11\/image-0-02-05-7729f3b3cc373dc4ebc855e077240f5f62488a9d70e7422d0f0bcba92eec53dd-V-300x225.jpg 300w, http:\/\/osramic.edu.ba\/wp-content\/uploads\/2016\/11\/image-0-02-05-7729f3b3cc373dc4ebc855e077240f5f62488a9d70e7422d0f0bcba92eec53dd-V-768x576.jpg 768w, http:\/\/osramic.edu.ba\/wp-content\/uploads\/2016\/11\/image-0-02-05-7729f3b3cc373dc4ebc855e077240f5f62488a9d70e7422d0f0bcba92eec53dd-V-1024x768.jpg 1024w, http:\/\/osramic.edu.ba\/wp-content\/uploads\/2016\/11\/image-0-02-05-7729f3b3cc373dc4ebc855e077240f5f62488a9d70e7422d0f0bcba92eec53dd-V.jpg 1280w\" sizes=\"auto, (max-width: 300px) 100vw, 300px\" \/> <img loading=\"lazy\" decoding=\"async\" class=\"alignnone size-medium wp-image-264\" src=\"http:\/\/osramic.edu.ba\/wp-content\/uploads\/2016\/11\/image-0-02-05-9039bf1f6ef572aba495ab9d41792a57014b4c8e251686b844e11b65b48b27dc-V-300x225.jpg\" alt=\"image-0-02-05-9039bf1f6ef572aba495ab9d41792a57014b4c8e251686b844e11b65b48b27dc-v\" width=\"300\" height=\"225\" srcset=\"http:\/\/osramic.edu.ba\/wp-content\/uploads\/2016\/11\/image-0-02-05-9039bf1f6ef572aba495ab9d41792a57014b4c8e251686b844e11b65b48b27dc-V-300x225.jpg 300w, http:\/\/osramic.edu.ba\/wp-content\/uploads\/2016\/11\/image-0-02-05-9039bf1f6ef572aba495ab9d41792a57014b4c8e251686b844e11b65b48b27dc-V-768x576.jpg 768w, http:\/\/osramic.edu.ba\/wp-content\/uploads\/2016\/11\/image-0-02-05-9039bf1f6ef572aba495ab9d41792a57014b4c8e251686b844e11b65b48b27dc-V-1024x768.jpg 1024w, http:\/\/osramic.edu.ba\/wp-content\/uploads\/2016\/11\/image-0-02-05-9039bf1f6ef572aba495ab9d41792a57014b4c8e251686b844e11b65b48b27dc-V.jpg 1280w\" sizes=\"auto, (max-width: 300px) 100vw, 300px\" \/>\u00a0<img loading=\"lazy\" decoding=\"async\" class=\"alignnone size-medium wp-image-265\" src=\"http:\/\/osramic.edu.ba\/wp-content\/uploads\/2016\/11\/image-0-02-05-a3910ba0f7b583ee5852a5c054f71f347662857a52b84077b8f541de06592750-V-300x225.jpg\" alt=\"image-0-02-05-a3910ba0f7b583ee5852a5c054f71f347662857a52b84077b8f541de06592750-v\" width=\"300\" height=\"225\" srcset=\"http:\/\/osramic.edu.ba\/wp-content\/uploads\/2016\/11\/image-0-02-05-a3910ba0f7b583ee5852a5c054f71f347662857a52b84077b8f541de06592750-V-300x225.jpg 300w, http:\/\/osramic.edu.ba\/wp-content\/uploads\/2016\/11\/image-0-02-05-a3910ba0f7b583ee5852a5c054f71f347662857a52b84077b8f541de06592750-V-768x576.jpg 768w, http:\/\/osramic.edu.ba\/wp-content\/uploads\/2016\/11\/image-0-02-05-a3910ba0f7b583ee5852a5c054f71f347662857a52b84077b8f541de06592750-V-1024x768.jpg 1024w, http:\/\/osramic.edu.ba\/wp-content\/uploads\/2016\/11\/image-0-02-05-a3910ba0f7b583ee5852a5c054f71f347662857a52b84077b8f541de06592750-V.jpg 1280w\" sizes=\"auto, (max-width: 300px) 100vw, 300px\" \/> <img loading=\"lazy\" decoding=\"async\" class=\"alignnone size-medium wp-image-266\" src=\"http:\/\/osramic.edu.ba\/wp-content\/uploads\/2016\/11\/image-0-02-05-bcb8cbff3db823ec8fcdb5ced781a659693b44fbb1d9808ea72a607b505050dc-V-300x225.jpg\" alt=\"image-0-02-05-bcb8cbff3db823ec8fcdb5ced781a659693b44fbb1d9808ea72a607b505050dc-v\" width=\"300\" height=\"225\" srcset=\"http:\/\/osramic.edu.ba\/wp-content\/uploads\/2016\/11\/image-0-02-05-bcb8cbff3db823ec8fcdb5ced781a659693b44fbb1d9808ea72a607b505050dc-V-300x225.jpg 300w, http:\/\/osramic.edu.ba\/wp-content\/uploads\/2016\/11\/image-0-02-05-bcb8cbff3db823ec8fcdb5ced781a659693b44fbb1d9808ea72a607b505050dc-V-768x576.jpg 768w, http:\/\/osramic.edu.ba\/wp-content\/uploads\/2016\/11\/image-0-02-05-bcb8cbff3db823ec8fcdb5ced781a659693b44fbb1d9808ea72a607b505050dc-V-1024x768.jpg 1024w, http:\/\/osramic.edu.ba\/wp-content\/uploads\/2016\/11\/image-0-02-05-bcb8cbff3db823ec8fcdb5ced781a659693b44fbb1d9808ea72a607b505050dc-V.jpg 1280w\" sizes=\"auto, (max-width: 300px) 100vw, 300px\" \/> <img loading=\"lazy\" decoding=\"async\" class=\"alignnone size-medium wp-image-267\" src=\"http:\/\/osramic.edu.ba\/wp-content\/uploads\/2016\/11\/image-0-02-05-eb308e09e9e3eee15e272a191780283aaf0a96b8523e180f20fd4d9847adc4ad-V-300x225.jpg\" alt=\"image-0-02-05-eb308e09e9e3eee15e272a191780283aaf0a96b8523e180f20fd4d9847adc4ad-v\" width=\"300\" height=\"225\" srcset=\"http:\/\/osramic.edu.ba\/wp-content\/uploads\/2016\/11\/image-0-02-05-eb308e09e9e3eee15e272a191780283aaf0a96b8523e180f20fd4d9847adc4ad-V-300x225.jpg 300w, http:\/\/osramic.edu.ba\/wp-content\/uploads\/2016\/11\/image-0-02-05-eb308e09e9e3eee15e272a191780283aaf0a96b8523e180f20fd4d9847adc4ad-V-768x576.jpg 768w, http:\/\/osramic.edu.ba\/wp-content\/uploads\/2016\/11\/image-0-02-05-eb308e09e9e3eee15e272a191780283aaf0a96b8523e180f20fd4d9847adc4ad-V-1024x768.jpg 1024w, http:\/\/osramic.edu.ba\/wp-content\/uploads\/2016\/11\/image-0-02-05-eb308e09e9e3eee15e272a191780283aaf0a96b8523e180f20fd4d9847adc4ad-V.jpg 1280w\" sizes=\"auto, (max-width: 300px) 100vw, 300px\" \/><\/p>\n<p><strong>APRIL<\/strong><\/p>\n<p>Obilje\u017eavanje Svjetskog dana zdravlja kroz pjesmu\u00a0i glumu u\u010denika \u00a0V2 ,kao i edukaciju od strane dr.Amre Karovi\u0107 koja je ukazala na posljedice lo\u0161ih prehrambenih navika.<\/p>\n<p><img loading=\"lazy\" decoding=\"async\" class=\"alignnone size-medium wp-image-557\" src=\"http:\/\/osramic.edu.ba\/wp-content\/uploads\/2016\/11\/image-0-02-05-4bc1ded4c16713356c87763d9007f7cb639d7c4d4a93335b398e7a9760528974-V-225x300.jpg\" alt=\"image-0-02-05-4bc1ded4c16713356c87763d9007f7cb639d7c4d4a93335b398e7a9760528974-V\" width=\"225\" height=\"300\" srcset=\"http:\/\/osramic.edu.ba\/wp-content\/uploads\/2016\/11\/image-0-02-05-4bc1ded4c16713356c87763d9007f7cb639d7c4d4a93335b398e7a9760528974-V-225x300.jpg 225w, http:\/\/osramic.edu.ba\/wp-content\/uploads\/2016\/11\/image-0-02-05-4bc1ded4c16713356c87763d9007f7cb639d7c4d4a93335b398e7a9760528974-V-768x1024.jpg 768w, http:\/\/osramic.edu.ba\/wp-content\/uploads\/2016\/11\/image-0-02-05-4bc1ded4c16713356c87763d9007f7cb639d7c4d4a93335b398e7a9760528974-V.jpg 960w\" sizes=\"auto, (max-width: 225px) 100vw, 225px\" \/> <img loading=\"lazy\" decoding=\"async\" class=\"alignnone size-medium wp-image-558\" src=\"http:\/\/osramic.edu.ba\/wp-content\/uploads\/2016\/11\/image-0-02-05-24b47c6fbaa5efc0ac921e46252826720e2e67acdc5ae941840f563a5e9aa5b9-V-300x169.jpg\" alt=\"image-0-02-05-24b47c6fbaa5efc0ac921e46252826720e2e67acdc5ae941840f563a5e9aa5b9-V\" width=\"300\" height=\"169\" srcset=\"http:\/\/osramic.edu.ba\/wp-content\/uploads\/2016\/11\/image-0-02-05-24b47c6fbaa5efc0ac921e46252826720e2e67acdc5ae941840f563a5e9aa5b9-V-300x169.jpg 300w, http:\/\/osramic.edu.ba\/wp-content\/uploads\/2016\/11\/image-0-02-05-24b47c6fbaa5efc0ac921e46252826720e2e67acdc5ae941840f563a5e9aa5b9-V-768x432.jpg 768w, http:\/\/osramic.edu.ba\/wp-content\/uploads\/2016\/11\/image-0-02-05-24b47c6fbaa5efc0ac921e46252826720e2e67acdc5ae941840f563a5e9aa5b9-V-1024x576.jpg 1024w, http:\/\/osramic.edu.ba\/wp-content\/uploads\/2016\/11\/image-0-02-05-24b47c6fbaa5efc0ac921e46252826720e2e67acdc5ae941840f563a5e9aa5b9-V.jpg 1280w\" sizes=\"auto, (max-width: 300px) 100vw, 300px\" \/> <img loading=\"lazy\" decoding=\"async\" class=\"alignnone size-medium wp-image-559\" src=\"http:\/\/osramic.edu.ba\/wp-content\/uploads\/2016\/11\/image-0-02-05-61b1147531eae688def45ad706310b8d16a55b94ddd4aef78c22829d4e626f18-V-300x225.jpg\" alt=\"image-0-02-05-61b1147531eae688def45ad706310b8d16a55b94ddd4aef78c22829d4e626f18-V\" width=\"300\" height=\"225\" srcset=\"http:\/\/osramic.edu.ba\/wp-content\/uploads\/2016\/11\/image-0-02-05-61b1147531eae688def45ad706310b8d16a55b94ddd4aef78c22829d4e626f18-V-300x225.jpg 300w, http:\/\/osramic.edu.ba\/wp-content\/uploads\/2016\/11\/image-0-02-05-61b1147531eae688def45ad706310b8d16a55b94ddd4aef78c22829d4e626f18-V-768x576.jpg 768w, http:\/\/osramic.edu.ba\/wp-content\/uploads\/2016\/11\/image-0-02-05-61b1147531eae688def45ad706310b8d16a55b94ddd4aef78c22829d4e626f18-V-1024x768.jpg 1024w, http:\/\/osramic.edu.ba\/wp-content\/uploads\/2016\/11\/image-0-02-05-61b1147531eae688def45ad706310b8d16a55b94ddd4aef78c22829d4e626f18-V.jpg 1280w\" sizes=\"auto, (max-width: 300px) 100vw, 300px\" \/> <img loading=\"lazy\" decoding=\"async\" class=\"alignnone size-medium wp-image-560\" src=\"http:\/\/osramic.edu.ba\/wp-content\/uploads\/2016\/11\/image-0-02-05-69a3a236fe4c86933e7d00c2392658e6dfc43bb8686aaafc8c986bb5f9e400cc-V-225x300.jpg\" alt=\"image-0-02-05-69a3a236fe4c86933e7d00c2392658e6dfc43bb8686aaafc8c986bb5f9e400cc-V\" width=\"225\" height=\"300\" srcset=\"http:\/\/osramic.edu.ba\/wp-content\/uploads\/2016\/11\/image-0-02-05-69a3a236fe4c86933e7d00c2392658e6dfc43bb8686aaafc8c986bb5f9e400cc-V-225x300.jpg 225w, http:\/\/osramic.edu.ba\/wp-content\/uploads\/2016\/11\/image-0-02-05-69a3a236fe4c86933e7d00c2392658e6dfc43bb8686aaafc8c986bb5f9e400cc-V-768x1024.jpg 768w, http:\/\/osramic.edu.ba\/wp-content\/uploads\/2016\/11\/image-0-02-05-69a3a236fe4c86933e7d00c2392658e6dfc43bb8686aaafc8c986bb5f9e400cc-V.jpg 960w\" sizes=\"auto, (max-width: 225px) 100vw, 225px\" \/> <img loading=\"lazy\" decoding=\"async\" class=\"alignnone size-medium wp-image-561\" src=\"http:\/\/osramic.edu.ba\/wp-content\/uploads\/2016\/11\/image-0-02-05-b6544b704ebbaadcbf475133749b6823bb192e3b657152908c49d28279d6d483-V-300x225.jpg\" alt=\"image-0-02-05-b6544b704ebbaadcbf475133749b6823bb192e3b657152908c49d28279d6d483-V\" width=\"300\" height=\"225\" srcset=\"http:\/\/osramic.edu.ba\/wp-content\/uploads\/2016\/11\/image-0-02-05-b6544b704ebbaadcbf475133749b6823bb192e3b657152908c49d28279d6d483-V-300x225.jpg 300w, http:\/\/osramic.edu.ba\/wp-content\/uploads\/2016\/11\/image-0-02-05-b6544b704ebbaadcbf475133749b6823bb192e3b657152908c49d28279d6d483-V-768x576.jpg 768w, http:\/\/osramic.edu.ba\/wp-content\/uploads\/2016\/11\/image-0-02-05-b6544b704ebbaadcbf475133749b6823bb192e3b657152908c49d28279d6d483-V-1024x768.jpg 1024w, http:\/\/osramic.edu.ba\/wp-content\/uploads\/2016\/11\/image-0-02-05-b6544b704ebbaadcbf475133749b6823bb192e3b657152908c49d28279d6d483-V.jpg 1280w\" sizes=\"auto, (max-width: 300px) 100vw, 300px\" \/> <img loading=\"lazy\" decoding=\"async\" class=\"alignnone size-medium wp-image-562\" src=\"http:\/\/osramic.edu.ba\/wp-content\/uploads\/2016\/11\/image-0-02-05-dcc9d48704dc43480161e9a7cf96f51a2ba6585dbb8dc0e915bc3c2cfc048781-V-300x225.jpg\" alt=\"image-0-02-05-dcc9d48704dc43480161e9a7cf96f51a2ba6585dbb8dc0e915bc3c2cfc048781-V\" width=\"300\" height=\"225\" srcset=\"http:\/\/osramic.edu.ba\/wp-content\/uploads\/2016\/11\/image-0-02-05-dcc9d48704dc43480161e9a7cf96f51a2ba6585dbb8dc0e915bc3c2cfc048781-V-300x225.jpg 300w, http:\/\/osramic.edu.ba\/wp-content\/uploads\/2016\/11\/image-0-02-05-dcc9d48704dc43480161e9a7cf96f51a2ba6585dbb8dc0e915bc3c2cfc048781-V-768x576.jpg 768w, http:\/\/osramic.edu.ba\/wp-content\/uploads\/2016\/11\/image-0-02-05-dcc9d48704dc43480161e9a7cf96f51a2ba6585dbb8dc0e915bc3c2cfc048781-V-1024x768.jpg 1024w, http:\/\/osramic.edu.ba\/wp-content\/uploads\/2016\/11\/image-0-02-05-dcc9d48704dc43480161e9a7cf96f51a2ba6585dbb8dc0e915bc3c2cfc048781-V.jpg 1280w\" sizes=\"auto, (max-width: 300px) 100vw, 300px\" \/><\/p>\n<p><strong>MAJ<\/strong><\/p>\n<p>Kako proizvesti ljekovito bilje nau\u010dili su u\u010denici u P\u0160 Gora.<\/p>\n<p><img loading=\"lazy\" decoding=\"async\" class=\"alignnone size-medium wp-image-770\" src=\"http:\/\/osramic.edu.ba\/wp-content\/uploads\/2016\/11\/image-0-02-05-5a408651046f962c4fdb413627bdfae4002074297c42cec5e8d56acb07f85f16-V-169x300.jpg\" alt=\"image-0-02-05-5a408651046f962c4fdb413627bdfae4002074297c42cec5e8d56acb07f85f16-V\" width=\"169\" height=\"300\" srcset=\"http:\/\/osramic.edu.ba\/wp-content\/uploads\/2016\/11\/image-0-02-05-5a408651046f962c4fdb413627bdfae4002074297c42cec5e8d56acb07f85f16-V-169x300.jpg 169w, http:\/\/osramic.edu.ba\/wp-content\/uploads\/2016\/11\/image-0-02-05-5a408651046f962c4fdb413627bdfae4002074297c42cec5e8d56acb07f85f16-V-576x1024.jpg 576w, http:\/\/osramic.edu.ba\/wp-content\/uploads\/2016\/11\/image-0-02-05-5a408651046f962c4fdb413627bdfae4002074297c42cec5e8d56acb07f85f16-V.jpg 720w\" sizes=\"auto, (max-width: 169px) 100vw, 169px\" \/> <img loading=\"lazy\" decoding=\"async\" class=\"alignnone size-medium wp-image-771\" src=\"http:\/\/osramic.edu.ba\/wp-content\/uploads\/2016\/11\/image-0-02-05-8a0f478551ea1db15a8a02c3c7b33b858a28f589ebfbc3af18b5bd8409e90b54-V-169x300.jpg\" alt=\"image-0-02-05-8a0f478551ea1db15a8a02c3c7b33b858a28f589ebfbc3af18b5bd8409e90b54-V\" width=\"169\" height=\"300\" srcset=\"http:\/\/osramic.edu.ba\/wp-content\/uploads\/2016\/11\/image-0-02-05-8a0f478551ea1db15a8a02c3c7b33b858a28f589ebfbc3af18b5bd8409e90b54-V-169x300.jpg 169w, http:\/\/osramic.edu.ba\/wp-content\/uploads\/2016\/11\/image-0-02-05-8a0f478551ea1db15a8a02c3c7b33b858a28f589ebfbc3af18b5bd8409e90b54-V-576x1024.jpg 576w, http:\/\/osramic.edu.ba\/wp-content\/uploads\/2016\/11\/image-0-02-05-8a0f478551ea1db15a8a02c3c7b33b858a28f589ebfbc3af18b5bd8409e90b54-V.jpg 720w\" sizes=\"auto, (max-width: 169px) 100vw, 169px\" \/> <img loading=\"lazy\" decoding=\"async\" class=\"alignnone size-medium wp-image-772\" src=\"http:\/\/osramic.edu.ba\/wp-content\/uploads\/2016\/11\/image-0-02-05-e7b56aac878b6cbb070e15085a79817d490ee2fa34b4e33fec6352bfff0c5956-V-169x300.jpg\" alt=\"image-0-02-05-e7b56aac878b6cbb070e15085a79817d490ee2fa34b4e33fec6352bfff0c5956-V\" width=\"169\" height=\"300\" srcset=\"http:\/\/osramic.edu.ba\/wp-content\/uploads\/2016\/11\/image-0-02-05-e7b56aac878b6cbb070e15085a79817d490ee2fa34b4e33fec6352bfff0c5956-V-169x300.jpg 169w, http:\/\/osramic.edu.ba\/wp-content\/uploads\/2016\/11\/image-0-02-05-e7b56aac878b6cbb070e15085a79817d490ee2fa34b4e33fec6352bfff0c5956-V-576x1024.jpg 576w, http:\/\/osramic.edu.ba\/wp-content\/uploads\/2016\/11\/image-0-02-05-e7b56aac878b6cbb070e15085a79817d490ee2fa34b4e33fec6352bfff0c5956-V.jpg 720w\" sizes=\"auto, (max-width: 169px) 100vw, 169px\" \/><\/p>\n","protected":false},"excerpt":{"rendered":"<p>Cilj projekta:Razvijanje svijesti o pravilnoj ishrani kod u\u010denika. Metode i aktivnosti: -Hranimo se zdravo, to je na\u0161e pravo. -Obilje\u017eavanje &#8220;Dana jabuke&#8221;. -Upoznavanje vitamina -Radionice i priprema hrane (roditelji i u\u010denici) -Anketa -Obilje\u017eavanje Dana zdravlja -Priprema plastenika i proizvodnja zdrave hrane Nadle\u017ena\/ odgovorna osoba:Direktor, pedagog, Mediha Deli\u0107 Lila, Ismir Halilovi\u0107. &nbsp; OKTOBAR Obilje\u017eavanje \u201cSvjetskog dana jabuke\u201d&#8230;<\/p>\n","protected":false},"author":1,"featured_media":276,"parent":0,"menu_order":0,"comment_status":"closed","ping_status":"closed","template":"","meta":{"footnotes":""},"class_list":["post-213","page","type-page","status-publish","has-post-thumbnail","hentry"],"_links":{"self":[{"href":"http:\/\/osramic.edu.ba\/index.php?rest_route=\/wp\/v2\/pages\/213","targetHints":{"allow":["GET"]}}],"collection":[{"href":"http:\/\/osramic.edu.ba\/index.php?rest_route=\/wp\/v2\/pages"}],"about":[{"href":"http:\/\/osramic.edu.ba\/index.php?rest_route=\/wp\/v2\/types\/page"}],"author":[{"embeddable":true,"href":"http:\/\/osramic.edu.ba\/index.php?rest_route=\/wp\/v2\/users\/1"}],"replies":[{"embeddable":true,"href":"http:\/\/osramic.edu.ba\/index.php?rest_route=%2Fwp%2Fv2%2Fcomments&post=213"}],"version-history":[{"count":7,"href":"http:\/\/osramic.edu.ba\/index.php?rest_route=\/wp\/v2\/pages\/213\/revisions"}],"predecessor-version":[{"id":773,"href":"http:\/\/osramic.edu.ba\/index.php?rest_route=\/wp\/v2\/pages\/213\/revisions\/773"}],"wp:featuredmedia":[{"embeddable":true,"href":"http:\/\/osramic.edu.ba\/index.php?rest_route=\/wp\/v2\/media\/276"}],"wp:attachment":[{"href":"http:\/\/osramic.edu.ba\/index.php?rest_route=%2Fwp%2Fv2%2Fmedia&parent=213"}],"curies":[{"name":"wp","href":"https:\/\/api.w.org\/{rel}","templated":true}]}}