{"id":3329,"date":"2020-02-12T20:56:35","date_gmt":"2020-02-12T19:56:35","guid":{"rendered":"http:\/\/osramic.edu.ba\/?page_id=3329"},"modified":"2020-02-12T21:16:18","modified_gmt":"2020-02-12T20:16:18","slug":"pravilnik-o-nacinu-i-obliku-provodjenja-odgojno-obrazovne-podrske-i-strucnog-tretmana","status":"publish","type":"page","link":"http:\/\/osramic.edu.ba\/?page_id=3329","title":{"rendered":"Pravilnik o na\u010dinu i obliku provo\u0111enja odgojno-obrazovne podr\u0161ke i stru\u010dnog tretmana"},"content":{"rendered":"\n<ul class=\"wp-block-list\"><li><a href=\"https:\/\/mon.ks.gov.ba\/sites\/mon.ks.gov.ba\/files\/pravilnik_29.19.pdf\">https:\/\/mon.ks.gov.ba\/sites\/mon.ks.gov.ba\/files\/pravilnik_29.19.pdf<\/a><\/li><\/ul>\n","protected":false},"excerpt":{"rendered":"<p>https:\/\/mon.ks.gov.ba\/sites\/mon.ks.gov.ba\/files\/pravilnik_29.19.pdf<\/p>\n","protected":false},"author":1,"featured_media":0,"parent":0,"menu_order":0,"comment_status":"closed","ping_status":"closed","template":"","meta":{"footnotes":""},"class_list":["post-3329","page","type-page","status-publish","hentry"],"_links":{"self":[{"href":"http:\/\/osramic.edu.ba\/index.php?rest_route=\/wp\/v2\/pages\/3329","targetHints":{"allow":["GET"]}}],"collection":[{"href":"http:\/\/osramic.edu.ba\/index.php?rest_route=\/wp\/v2\/pages"}],"about":[{"href":"http:\/\/osramic.edu.ba\/index.php?rest_route=\/wp\/v2\/types\/page"}],"author":[{"embeddable":true,"href":"http:\/\/osramic.edu.ba\/index.php?rest_route=\/wp\/v2\/users\/1"}],"replies":[{"embeddable":true,"href":"http:\/\/osramic.edu.ba\/index.php?rest_route=%2Fwp%2Fv2%2Fcomments&post=3329"}],"version-history":[{"count":4,"href":"http:\/\/osramic.edu.ba\/index.php?rest_route=\/wp\/v2\/pages\/3329\/revisions"}],"predecessor-version":[{"id":3337,"href":"http:\/\/osramic.edu.ba\/index.php?rest_route=\/wp\/v2\/pages\/3329\/revisions\/3337"}],"wp:attachment":[{"href":"http:\/\/osramic.edu.ba\/index.php?rest_route=%2Fwp%2Fv2%2Fmedia&parent=3329"}],"curies":[{"name":"wp","href":"https:\/\/api.w.org\/{rel}","templated":true}]}}