{"id":3334,"date":"2020-02-12T21:07:48","date_gmt":"2020-02-12T20:07:48","guid":{"rendered":"http:\/\/osramic.edu.ba\/?page_id=3334"},"modified":"2020-02-12T21:07:51","modified_gmt":"2020-02-12T20:07:51","slug":"pravilnik-o-vodjenju-evidencije-o-neprihvatljivim-oblicima-ponasanja-i-zastiti-ucenika","status":"publish","type":"page","link":"http:\/\/osramic.edu.ba\/?page_id=3334","title":{"rendered":"Pravilnik o vo\u0111enju evidencije o neprihvatljivim oblicima pona\u0161anja i za\u0161titi u\u010denika"},"content":{"rendered":"\n<ul class=\"wp-block-list\"><li><a href=\"https:\/\/mon.ks.gov.ba\/sites\/mon.ks.gov.ba\/files\/29.19_0.pdf\">https:\/\/mon.ks.gov.ba\/sites\/mon.ks.gov.ba\/files\/29.19_0.pdf<\/a><\/li><\/ul>\n","protected":false},"excerpt":{"rendered":"<p>https:\/\/mon.ks.gov.ba\/sites\/mon.ks.gov.ba\/files\/29.19_0.pdf<\/p>\n","protected":false},"author":1,"featured_media":0,"parent":0,"menu_order":0,"comment_status":"closed","ping_status":"closed","template":"","meta":{"footnotes":""},"class_list":["post-3334","page","type-page","status-publish","hentry"],"_links":{"self":[{"href":"http:\/\/osramic.edu.ba\/index.php?rest_route=\/wp\/v2\/pages\/3334","targetHints":{"allow":["GET"]}}],"collection":[{"href":"http:\/\/osramic.edu.ba\/index.php?rest_route=\/wp\/v2\/pages"}],"about":[{"href":"http:\/\/osramic.edu.ba\/index.php?rest_route=\/wp\/v2\/types\/page"}],"author":[{"embeddable":true,"href":"http:\/\/osramic.edu.ba\/index.php?rest_route=\/wp\/v2\/users\/1"}],"replies":[{"embeddable":true,"href":"http:\/\/osramic.edu.ba\/index.php?rest_route=%2Fwp%2Fv2%2Fcomments&post=3334"}],"version-history":[{"count":1,"href":"http:\/\/osramic.edu.ba\/index.php?rest_route=\/wp\/v2\/pages\/3334\/revisions"}],"predecessor-version":[{"id":3335,"href":"http:\/\/osramic.edu.ba\/index.php?rest_route=\/wp\/v2\/pages\/3334\/revisions\/3335"}],"wp:attachment":[{"href":"http:\/\/osramic.edu.ba\/index.php?rest_route=%2Fwp%2Fv2%2Fmedia&parent=3334"}],"curies":[{"name":"wp","href":"https:\/\/api.w.org\/{rel}","templated":true}]}}