{"id":3350,"date":"2020-02-16T00:25:34","date_gmt":"2020-02-15T23:25:34","guid":{"rendered":"http:\/\/osramic.edu.ba\/?page_id=3350"},"modified":"2020-02-16T00:25:35","modified_gmt":"2020-02-15T23:25:35","slug":"okvirni-propisi","status":"publish","type":"page","link":"http:\/\/osramic.edu.ba\/?page_id=3350","title":{"rendered":"Okvirni propisi"},"content":{"rendered":"\n<h2 class=\"wp-block-heading\">Ustav Kantona Sarajevo ( + amandmani)<\/h2>\n\n\n\n<p><a href=\"http:\/\/propisi.ks.gov.ba\/sites\/propisi.ks.gov.ba\/files\/ustavkantona_0_1.pdf\">http:\/\/propisi.ks.gov.ba\/sites\/propisi.ks.gov.ba\/files\/ustavkantona_0_1.pdf<\/a><\/p>\n\n\n\n<p><a href=\"http:\/\/propisi.ks.gov.ba\/sites\/propisi.ks.gov.ba\/files\/amandmani_l-lvii_za_web_0.pdf\">http:\/\/propisi.ks.gov.ba\/sites\/propisi.ks.gov.ba\/files\/amandmani_l-lvii_za_web_0.pdf<\/a><\/p>\n\n\n\n<h2 class=\"wp-block-heading\">Zakon o radu FBiH<\/h2>\n\n\n\n<p><a href=\"http:\/\/propisi.ks.gov.ba\/sites\/propisi.ks.gov.ba\/files\/zakon_o_radu_f_bih_26-16.pdf\">http:\/\/propisi.ks.gov.ba\/sites\/propisi.ks.gov.ba\/files\/zakon_o_radu_f_bih_26-16.pdf<\/a><\/p>\n\n\n\n<h2 class=\"wp-block-heading\">Zakon o izmjenama i dopunama Zakona o radu FBiH<\/h2>\n\n\n\n<p><a href=\"http:\/\/propisi.ks.gov.ba\/sites\/propisi.ks.gov.ba\/files\/89-18.pdf\">http:\/\/propisi.ks.gov.ba\/sites\/propisi.ks.gov.ba\/files\/89-18.pdf<\/a><\/p>\n\n\n\n<h2 class=\"wp-block-heading\">Zakon o penzijskom i invalidskom osiguranju FBiH<\/h2>\n\n\n\n<p><a href=\"http:\/\/propisi.ks.gov.ba\/sites\/propisi.ks.gov.ba\/files\/zakon_o_penzijsko_invalidskom_osiguranju_13-18.pdf\">http:\/\/propisi.ks.gov.ba\/sites\/propisi.ks.gov.ba\/files\/zakon_o_penzijsko_invalidskom_osiguranju_13-18.pdf<\/a><\/p>\n\n\n\n<h2 class=\"wp-block-heading\">Zakon o javnim nabavkama<\/h2>\n\n\n\n<p><a href=\"http:\/\/propisi.ks.gov.ba\/sites\/propisi.ks.gov.ba\/files\/39-14_2.pdf\">http:\/\/propisi.ks.gov.ba\/sites\/propisi.ks.gov.ba\/files\/39-14_2.pdf<\/a><\/p>\n\n\n\n<h2 class=\"wp-block-heading\">Zakon o slobodi pristupa informacijama FBiH<\/h2>\n\n\n\n<p><a href=\"http:\/\/propisi.ks.gov.ba\/sites\/propisi.ks.gov.ba\/files\/zakon_o_slobodi_pristupa_informacija_u_fbih_0_0.pdf\">http:\/\/propisi.ks.gov.ba\/sites\/propisi.ks.gov.ba\/files\/zakon_o_slobodi_pristupa_informacija_u_fbih_0_0.pdf<\/a><\/p>\n\n\n\n<p><a href=\"http:\/\/propisi.ks.gov.ba\/sites\/propisi.ks.gov.ba\/files\/zakon_o_slobodi_pristupa_inf._48-11.pdf\">http:\/\/propisi.ks.gov.ba\/sites\/propisi.ks.gov.ba\/files\/zakon_o_slobodi_pristupa_inf._48-11.pdf<\/a><\/p>\n\n\n\n<h2 class=\"wp-block-heading\">Zakon o za\u0161titi li\u010dnih podataka BiH<\/h2>\n\n\n\n<p><a href=\"http:\/\/propisi.ks.gov.ba\/sites\/propisi.ks.gov.ba\/files\/zakon_o_zastiti_licnih_podataka_u_bih_bos.pdf\">http:\/\/propisi.ks.gov.ba\/sites\/propisi.ks.gov.ba\/files\/zakon_o_zastiti_licnih_podataka_u_bih_bos.pdf<\/a><\/p>\n\n\n\n<p><a href=\"http:\/\/propisi.ks.gov.ba\/sites\/propisi.ks.gov.ba\/files\/26_zakon_o_zastiti_licnih_podataka-76_11.pdf\">http:\/\/propisi.ks.gov.ba\/sites\/propisi.ks.gov.ba\/files\/26_zakon_o_zastiti_licnih_podataka-76_11.pdf<\/a><\/p>\n\n\n\n<p><a href=\"http:\/\/propisi.ks.gov.ba\/sites\/propisi.ks.gov.ba\/files\/26_zakon_o_zastiti_licnih_podataka_89_11.pdf\">http:\/\/propisi.ks.gov.ba\/sites\/propisi.ks.gov.ba\/files\/26_zakon_o_zastiti_licnih_podataka_89_11.pdf<\/a><\/p>\n\n\n\n<h2 class=\"wp-block-heading\">Zakon o inspekcijama KS<\/h2>\n\n\n\n<p><a href=\"http:\/\/propisi.ks.gov.ba\/sites\/propisi.ks.gov.ba\/files\/zakon_o_inspekcijama_ks_2_17.pdf\">http:\/\/propisi.ks.gov.ba\/sites\/propisi.ks.gov.ba\/files\/zakon_o_inspekcijama_ks_2_17.pdf<\/a><\/p>\n\n\n\n<h2 class=\"wp-block-heading\">Zakon o prosvjetnoj inspekciji<\/h2>\n\n\n\n<p><a href=\"http:\/\/propisi.ks.gov.ba\/sites\/propisi.ks.gov.ba\/files\/9-2000.pdf\">http:\/\/propisi.ks.gov.ba\/sites\/propisi.ks.gov.ba\/files\/9-2000.pdf<\/a><\/p>\n\n\n\n<h2 class=\"wp-block-heading\">Uredba o ostvarivanju prava na naknadu za prijevoz na posao i sa posla<\/h2>\n\n\n\n<p><a href=\"http:\/\/propisi.ks.gov.ba\/sites\/propisi.ks.gov.ba\/files\/broj44_0.pdf\">http:\/\/propisi.ks.gov.ba\/sites\/propisi.ks.gov.ba\/files\/broj44_0.pdf<\/a><\/p>\n\n\n\n<h2 class=\"wp-block-heading\">Zakon o Agenciji za pred\u0161kolsko, osnovno i srednje obrazovanje<\/h2>\n\n\n\n<p><a href=\"https:\/\/mon.ks.gov.ba\/sites\/mon.ks.gov.ba\/files\/Zakon%20o%20agenciji%20za%20predskolsko%2C%20osnovno%20i%20srednje%20obrazovanje.pdf\">https:\/\/mon.ks.gov.ba\/sites\/mon.ks.gov.ba\/files\/Zakon%20o%20agenciji%20za%20predskolsko%2C%20osnovno%20i%20srednje%20obrazovanje.pdf<\/a><\/p>\n\n\n\n<h2 class=\"wp-block-heading\">Kolektivni ugovor za djelatnost pred\u0161kolskog i osnovnog odgoja i obrazovanja u KS (+ izmjene, dopune i ispravka)<\/h2>\n\n\n\n<p><a href=\"https:\/\/drive.google.com\/file\/d\/189losi3BGkPVifzr0cMVOFx-72GjhEJE\/view?usp=sharing\">https:\/\/drive.google.com\/file\/d\/189losi3BGkPVifzr0cMVOFx-72GjhEJE\/view?usp=sharing<\/a><\/p>\n\n\n\n<p><a href=\"https:\/\/drive.google.com\/file\/d\/1wCelQjLFCcqGwuGfdB1_mrcWf8WJj2vB\/view?usp=sharing\">https:\/\/drive.google.com\/file\/d\/1wCelQjLFCcqGwuGfdB1_mrcWf8WJj2vB\/view?usp=sharing<\/a><\/p>\n\n\n\n<p><a href=\"https:\/\/drive.google.com\/file\/d\/1-Rikgc-GmGm8utmy0yYUd3kjVPcgdujV\/view?usp=sharing\">https:\/\/drive.google.com\/file\/d\/1-Rikgc-GmGm8utmy0yYUd3kjVPcgdujV\/view?usp=sharing<\/a><\/p>\n\n\n\n\n\n\n\n<h2 class=\"wp-block-heading\">Pravilnik o izboru, imenovanju i razrje\u0161enju direktora osnovnih \u0161kola KS (+ izmjene)<\/h2>\n\n\n\n<p><a href=\"http:\/\/propisi.ks.gov.ba\/sites\/propisi.ks.gov.ba\/files\/pravilnik_o_izboru_direktora_os_0.pdf\">http:\/\/propisi.ks.gov.ba\/sites\/propisi.ks.gov.ba\/files\/pravilnik_o_izboru_direktora_os_0.pdf<\/a><\/p>\n\n\n\n<p><a href=\"http:\/\/propisi.ks.gov.ba\/sites\/propisi.ks.gov.ba\/files\/pravilnik.pdf\">http:\/\/propisi.ks.gov.ba\/sites\/propisi.ks.gov.ba\/files\/pravilnik.pdf<\/a><\/p>\n\n\n\n<p><\/p>\n\n\n\n<h2 class=\"wp-block-heading\">Pravilnik o izboru, nadle\u017enostima i na\u010dinu rada \u0160kolskih odbora osnovnih \u0161kola KS<\/h2>\n\n\n\n<p><a href=\"http:\/\/propisi.ks.gov.ba\/sites\/propisi.ks.gov.ba\/files\/pravilnik_o_izboru_nadleznostima_i_radu_skolskih_odbora_osnovnih_skola_ks.pdf\">http:\/\/propisi.ks.gov.ba\/sites\/propisi.ks.gov.ba\/files\/pravilnik_o_izboru_nadleznostima_i_radu_skolskih_odbora_osnovnih_skola_ks.pdf<\/a><\/p>\n\n\n\n<h2 class=\"wp-block-heading\">Pravilnik sa kriterijima za prijem radnika u radni odnos u pred\u0161kolskim ustanovama, osnovnim i srednjim \u0161kolama kao javnim ustanovama u KS<\/h2>\n\n\n\n<p><a href=\"http:\/\/propisi.ks.gov.ba\/sites\/propisi.ks.gov.ba\/files\/pravilnik_sa_kriterijama_o_za_prijem_radnika_u_predskolskim_ustanovama_osnovnim_i_srednjim_skolama_kao_javnim_ustanovama.pdf\">http:\/\/propisi.ks.gov.ba\/sites\/propisi.ks.gov.ba\/files\/pravilnik_sa_kriterijama_o_za_prijem_radnika_u_predskolskim_ustanovama_osnovnim_i_srednjim_skolama_kao_javnim_ustanovama.pdf<\/a><\/p>\n\n\n\n<h2 class=\"wp-block-heading\">Pravilnik o inkluzivnom obrazovanju KS<\/h2>\n\n\n\n<p><a href=\"http:\/\/propisi.ks.gov.ba\/sites\/propisi.ks.gov.ba\/files\/32-19.pdf_0.pdf\">http:\/\/propisi.ks.gov.ba\/sites\/propisi.ks.gov.ba\/files\/32-19.pdf_0.pdf<\/a><\/p>\n\n\n\n<h2 class=\"wp-block-heading\">Pravilnik o prepoznavanju, prevenciji i za\u0161titi od diskriminacije u osnovnim \u0161kolama<\/h2>\n\n\n\n<p><a href=\"http:\/\/propisi.ks.gov.ba\/sites\/propisi.ks.gov.ba\/files\/52.19.pdf\">http:\/\/propisi.ks.gov.ba\/sites\/propisi.ks.gov.ba\/files\/52.19.pdf<\/a><\/p>\n\n\n\n<h2 class=\"wp-block-heading\">Pravilnik o nostrifikaciji\/ekvivalenciji inostranih svjedod\u017ebi<\/h2>\n\n\n\n<p><a href=\"http:\/\/propisi.ks.gov.ba\/sites\/propisi.ks.gov.ba\/files\/pravilnik_o_nostrifikaciji.ekvivalenciji_inostranih_svjedodzbi_0.pdf\">http:\/\/propisi.ks.gov.ba\/sites\/propisi.ks.gov.ba\/files\/pravilnik_o_nostrifikaciji.ekvivalenciji_inostranih_svjedodzbi_0.pdf<\/a><\/p>\n\n\n\n<h2 class=\"wp-block-heading\">Zakon o izmjeni zakona o osnovnom odgoju i obrazovanju KS<\/h2>\n\n\n\n<p><a href=\"http:\/\/propisi.ks.gov.ba\/sites\/propisi.ks.gov.ba\/files\/broj30-.pdf\">http:\/\/propisi.ks.gov.ba\/sites\/propisi.ks.gov.ba\/files\/broj30-.pdf<\/a><\/p>\n\n\n\n<p><a href=\"http:\/\/propisi.ks.gov.ba\/sites\/propisi.ks.gov.ba\/files\/zakon_o_izmjenama_i_dopunama_zakona_o_osnovnom_odgoju_i_obrazovanju_33_17.pdf\">http:\/\/propisi.ks.gov.ba\/sites\/propisi.ks.gov.ba\/files\/zakon_o_izmjenama_i_dopunama_zakona_o_osnovnom_odgoju_i_obrazovanju_33_17.pdf<\/a><\/p>\n\n\n\n<h2 class=\"wp-block-heading\">Pravilnik o stru\u010dnom usavr\u0161avanju odgajatelja, profesora\/nastavnika i stru\u010dnih saradnika u pred\u0161kolskim ustanovama, osnovnim, srednjim \u0161kolama i domovima u\u010denika<\/h2>\n\n\n\n<p><a href=\"http:\/\/propisi.ks.gov.ba\/sites\/propisi.ks.gov.ba\/files\/Pravilnik_strucnom__usavrsavanju_odgajatelja19_04.pdf\">http:\/\/propisi.ks.gov.ba\/sites\/propisi.ks.gov.ba\/files\/Pravilnik_strucnom__usavrsavanju_odgajatelja19_04.pdf<\/a><\/p>\n\n\n\n<h2 class=\"wp-block-heading\">Pravilnik o primjeni informacionog sistema EMIS u osnovnim i srednjim \u0161kolama KS<\/h2>\n\n\n\n<p><a href=\"https:\/\/mon.ks.gov.ba\/sites\/mon.ks.gov.ba\/files\/Pravilnik%20o%20primjeni%20informacionog%20sistema%20EMIS%20u%20osnovnim%20i%20srednjim%20skolama%20u%20KS.doc\">https:\/\/mon.ks.gov.ba\/sites\/mon.ks.gov.ba\/files\/Pravilnik%20o%20primjeni%20informacionog%20sistema%20EMIS%20u%20osnovnim%20i%20srednjim%20skolama%20u%20KS.doc<\/a><\/p>\n\n\n\n<h2 class=\"wp-block-heading\">Pravilnik o vo\u0111enju pedago\u0161ke dokumentacije i evidencije u osnovnoj \u0161koli( + izmjene i dopune)<\/h2>\n\n\n\n<p><a href=\"http:\/\/propisi.ks.gov.ba\/content\/pravilnik-o-vo%C4%91enju-pedago%C5%A1ke-dokumentacije-i-evidencije-u-osnovnoj-%C5%A1koli\">http:\/\/propisi.ks.gov.ba\/content\/pravilnik-o-vo%C4%91enju-pedago%C5%A1ke-dokumentacije-i-evidencije-u-osnovnoj-%C5%A1koli<\/a><\/p>\n\n\n\n<p><a href=\"http:\/\/propisi.ks.gov.ba\/sites\/propisi.ks.gov.ba\/files\/izmjena_pravilnika_o_ped.dok._i_evidenciji_br._3-_30.1.2020.pdf\">http:\/\/propisi.ks.gov.ba\/sites\/propisi.ks.gov.ba\/files\/izmjena_pravilnika_o_ped.dok._i_evidenciji_br._3-_30.1.2020.pdf<\/a><\/p>\n\n\n\n<h2 class=\"wp-block-heading\">Pravilnik o organizaciji i realizaciji izleta, studijskih posjeta, ekskurzija, kampovanja\/logorovanja, dru\u0161tveno- korisnog rada, \u0161kole u prirodi i drugih oblika odgojno-obrazovnog rada u osnovnoj i srednjoj \u0161koli (+ izmjene i dopune)<\/h2>\n\n\n\n<p><a href=\"http:\/\/propisi.ks.gov.ba\/sites\/propisi.ks.gov.ba\/files\/36-10.doc\">http:\/\/propisi.ks.gov.ba\/sites\/propisi.ks.gov.ba\/files\/36-10.doc<\/a><\/p>\n\n\n\n<p><a href=\"http:\/\/propisi.ks.gov.ba\/sites\/propisi.ks.gov.ba\/files\/pravilnik_o_izmjenama_i_dopunama_pravilnika_o_ekskurzijama_0.pdf\">http:\/\/propisi.ks.gov.ba\/sites\/propisi.ks.gov.ba\/files\/pravilnik_o_izmjenama_i_dopunama_pravilnika_o_ekskurzijama_0.pdf<\/a><\/p>\n\n\n\n<h2 class=\"wp-block-heading\">Pravilnik sa kriterijima za iskazivanje prestanka potrebe za zaposlenicima koji su djelomi\u010dno ili potpuno ostali bez radnih zadataka i postupak popune upra\u017enjenih radnih mjesta u osnovnim i srednjim \u0161kolama KS<\/h2>\n\n\n\n<p><a href=\"http:\/\/propisi.ks.gov.ba\/sites\/propisi.ks.gov.ba\/files\/Broj-26.pdf\">http:\/\/propisi.ks.gov.ba\/sites\/propisi.ks.gov.ba\/files\/Broj-26.pdf<\/a><\/p>\n\n\n\n\n\n\n\n\n","protected":false},"excerpt":{"rendered":"<p>Ustav Kantona Sarajevo ( + amandmani) http:\/\/propisi.ks.gov.ba\/sites\/propisi.ks.gov.ba\/files\/ustavkantona_0_1.pdf http:\/\/propisi.ks.gov.ba\/sites\/propisi.ks.gov.ba\/files\/amandmani_l-lvii_za_web_0.pdf Zakon o radu FBiH http:\/\/propisi.ks.gov.ba\/sites\/propisi.ks.gov.ba\/files\/zakon_o_radu_f_bih_26-16.pdf Zakon o izmjenama i dopunama Zakona o radu FBiH http:\/\/propisi.ks.gov.ba\/sites\/propisi.ks.gov.ba\/files\/89-18.pdf Zakon o penzijskom i invalidskom osiguranju FBiH http:\/\/propisi.ks.gov.ba\/sites\/propisi.ks.gov.ba\/files\/zakon_o_penzijsko_invalidskom_osiguranju_13-18.pdf Zakon o javnim nabavkama http:\/\/propisi.ks.gov.ba\/sites\/propisi.ks.gov.ba\/files\/39-14_2.pdf Zakon o slobodi pristupa informacijama FBiH http:\/\/propisi.ks.gov.ba\/sites\/propisi.ks.gov.ba\/files\/zakon_o_slobodi_pristupa_informacija_u_fbih_0_0.pdf http:\/\/propisi.ks.gov.ba\/sites\/propisi.ks.gov.ba\/files\/zakon_o_slobodi_pristupa_inf._48-11.pdf Zakon o za\u0161titi li\u010dnih podataka BiH http:\/\/propisi.ks.gov.ba\/sites\/propisi.ks.gov.ba\/files\/zakon_o_zastiti_licnih_podataka_u_bih_bos.pdf http:\/\/propisi.ks.gov.ba\/sites\/propisi.ks.gov.ba\/files\/26_zakon_o_zastiti_licnih_podataka-76_11.pdf http:\/\/propisi.ks.gov.ba\/sites\/propisi.ks.gov.ba\/files\/26_zakon_o_zastiti_licnih_podataka_89_11.pdf Zakon o&#8230;<\/p>\n","protected":false},"author":1,"featured_media":0,"parent":0,"menu_order":0,"comment_status":"closed","ping_status":"closed","template":"","meta":{"footnotes":""},"class_list":["post-3350","page","type-page","status-publish","hentry"],"_links":{"self":[{"href":"http:\/\/osramic.edu.ba\/index.php?rest_route=\/wp\/v2\/pages\/3350","targetHints":{"allow":["GET"]}}],"collection":[{"href":"http:\/\/osramic.edu.ba\/index.php?rest_route=\/wp\/v2\/pages"}],"about":[{"href":"http:\/\/osramic.edu.ba\/index.php?rest_route=\/wp\/v2\/types\/page"}],"author":[{"embeddable":true,"href":"http:\/\/osramic.edu.ba\/index.php?rest_route=\/wp\/v2\/users\/1"}],"replies":[{"embeddable":true,"href":"http:\/\/osramic.edu.ba\/index.php?rest_route=%2Fwp%2Fv2%2Fcomments&post=3350"}],"version-history":[{"count":3,"href":"http:\/\/osramic.edu.ba\/index.php?rest_route=\/wp\/v2\/pages\/3350\/revisions"}],"predecessor-version":[{"id":3353,"href":"http:\/\/osramic.edu.ba\/index.php?rest_route=\/wp\/v2\/pages\/3350\/revisions\/3353"}],"wp:attachment":[{"href":"http:\/\/osramic.edu.ba\/index.php?rest_route=%2Fwp%2Fv2%2Fmedia&parent=3350"}],"curies":[{"name":"wp","href":"https:\/\/api.w.org\/{rel}","templated":true}]}}