{"id":3578,"date":"2020-08-19T15:45:50","date_gmt":"2020-08-19T14:45:50","guid":{"rendered":"http:\/\/osramic.edu.ba\/?page_id=3578"},"modified":"2020-08-19T15:45:50","modified_gmt":"2020-08-19T14:45:50","slug":"udzbenici-koji-ce-se-koristiti-u-sk-2020-2021-godini","status":"publish","type":"page","link":"http:\/\/osramic.edu.ba\/?page_id=3578","title":{"rendered":"Ud\u017ebenici koji \u0107e se koristiti  u \u0161k.2020\/2021. godini"},"content":{"rendered":"<a href=\"http:\/\/osramic.edu.ba\/wp-content\/uploads\/2020\/08\/Tabela-sa-ud\u017ebenicima-2020-2021-Ministarstvo-oglasna-plo\u010da.pdf\" class=\"pdfemb-viewer\" style=\"width:300px;height:700px;\" data-width=\"300\" data-height=\"700\" data-toolbar=\"top\" data-toolbar-fixed=\"on\">Tabela sa ud\u017ebenicima \u2013 2020-2021 Ministarstvo-oglasna plo\u010da<\/a>\n","protected":false},"excerpt":{"rendered":"","protected":false},"author":1,"featured_media":0,"parent":0,"menu_order":0,"comment_status":"closed","ping_status":"closed","template":"","meta":{"footnotes":""},"class_list":["post-3578","page","type-page","status-publish","hentry"],"_links":{"self":[{"href":"http:\/\/osramic.edu.ba\/index.php?rest_route=\/wp\/v2\/pages\/3578","targetHints":{"allow":["GET"]}}],"collection":[{"href":"http:\/\/osramic.edu.ba\/index.php?rest_route=\/wp\/v2\/pages"}],"about":[{"href":"http:\/\/osramic.edu.ba\/index.php?rest_route=\/wp\/v2\/types\/page"}],"author":[{"embeddable":true,"href":"http:\/\/osramic.edu.ba\/index.php?rest_route=\/wp\/v2\/users\/1"}],"replies":[{"embeddable":true,"href":"http:\/\/osramic.edu.ba\/index.php?rest_route=%2Fwp%2Fv2%2Fcomments&post=3578"}],"version-history":[{"count":1,"href":"http:\/\/osramic.edu.ba\/index.php?rest_route=\/wp\/v2\/pages\/3578\/revisions"}],"predecessor-version":[{"id":3580,"href":"http:\/\/osramic.edu.ba\/index.php?rest_route=\/wp\/v2\/pages\/3578\/revisions\/3580"}],"wp:attachment":[{"href":"http:\/\/osramic.edu.ba\/index.php?rest_route=%2Fwp%2Fv2%2Fmedia&parent=3578"}],"curies":[{"name":"wp","href":"https:\/\/api.w.org\/{rel}","templated":true}]}}