{"id":4033,"date":"2021-08-17T12:35:14","date_gmt":"2021-08-17T11:35:14","guid":{"rendered":"http:\/\/osramic.edu.ba\/?page_id=4033"},"modified":"2023-09-28T11:43:31","modified_gmt":"2023-09-28T10:43:31","slug":"online-nastava","status":"publish","type":"page","link":"http:\/\/osramic.edu.ba\/?page_id=4033","title":{"rendered":"Online nastava"},"content":{"rendered":"\r\n<p>&nbsp;<\/p>\r\n\r\n\r\n\r\n<figure class=\"wp-block-image size-large\"><img loading=\"lazy\" decoding=\"async\" width=\"259\" height=\"194\" class=\"wp-image-4039\" src=\"http:\/\/osramic.edu.ba\/wp-content\/uploads\/2021\/08\/images.jpg\" alt=\"\" \/><\/figure>\r\n<figure class=\"wp-block-image size-large\"><span style=\"vertical-align: inherit;\"><span style=\"vertical-align: inherit;\">Dragi u\u010denici, po\u0161tovani roditelji u selekciji Online nastava mo\u017eete saznati planirane sedmice u \u0161kolskoj 2023\/2024.god u kojima \u0107e se praktikovati e-nastava za u\u010denike od V-IX razreda.<\/span><\/span><\/figure>\r\n<figure class=\"wp-block-image size-large\"><strong><span style=\"vertical-align: inherit;\"><span style=\"vertical-align: inherit;\">I POLUGODI\u0160TE<\/span><\/span><\/strong><span style=\"vertical-align: inherit;\"><span style=\"vertical-align: inherit;\"> :<\/span><\/span><\/figure>\r\n<figure class=\"wp-block-image size-large\"><span style=\"vertical-align: inherit;\"><span style=\"vertical-align: inherit;\">I sedmica 02.10.-06.10.\u00a0<\/span><\/span><\/figure>\r\n<p><span style=\"vertical-align: inherit;\"><span style=\"vertical-align: inherit;\">\u00a0 \u00a0 \u00a0 \u00a0 \u00a0 II sedmica 04.12.-08.12.<\/span><\/span><\/p>\r\n<p>\u00a0 \u00a0 \u00a0 \u00a0 \u00a0 \u00a0<strong><span style=\"vertical-align: inherit;\"><span style=\"vertical-align: inherit;\">II POLUGODI\u0160TE:<\/span><\/span><\/strong><\/p>\r\n<p><span style=\"vertical-align: inherit;\"><span style=\"vertical-align: inherit;\">\u00a0 \u00a0 \u00a0 \u00a0 \u00a0 \u00a0I sedmica 05.02.-09.02.<\/span><\/span><\/p>\r\n<p><span style=\"vertical-align: inherit;\"><span style=\"vertical-align: inherit;\">\u00a0 \u00a0 \u00a0 \u00a0 \u00a0 \u00a0II sedmica 02.04.-05.04.<\/span><\/span><\/p>\r\n\r\n\r\n\r\n<p><span style=\"vertical-align: inherit;\"><span style=\"vertical-align: inherit;\"><span style=\"vertical-align: inherit;\"><span style=\"vertical-align: inherit;\">JU OSNOVNA \u0160KOLA \u201cPORODICE EF. <\/span><\/span><\/span><span style=\"vertical-align: inherit;\"><span style=\"vertical-align: inherit;\"><span style=\"vertical-align: inherit;\">RAMI\u0106\u201d KORISTI OFFICE365 ONLINE PLATFORMU ZA U\u010cENJE.<\/span><\/span><\/span><\/span><\/p>\r\n\r\n\r\n\r\n<p><span style=\"vertical-align: inherit;\"><span style=\"vertical-align: inherit;\"><span style=\"vertical-align: inherit;\"><span style=\"vertical-align: inherit;\">KLIKOM NA LINK PRESUMJERAVATE SE NA PRIJAVU ONLINE OKRU\u017dENJA ZA U\u010cENJE PUTEM \u0160IFRE KOJE U\u010cENICIMA DODJELJUJE KOORDINATOR ONLINE NASTAVNOG OKRU\u017dENJA.<\/span><\/span><\/span><\/span><\/p>\r\n\r\n\r\n\r\n<p><span style=\"vertical-align: inherit;\"><span style=\"vertical-align: inherit;\"><span style=\"vertical-align: inherit;\"><span style=\"vertical-align: inherit;\">UKOLIKO IMATE TEHNI\u010cKIH PROBLEMA SA KORI\u0160TENJEM ONLINE PLATFORME JAVITE SE ZA PODR\u0160KU NA MAIL KOORDINATORU: info@osramic.edu.ba<\/span><\/span><\/span><\/span><\/p>\r\n\r\n\r\n\r\n<p><a href=\"https:\/\/www.office.com\/\"><span style=\"vertical-align: inherit;\"><span style=\"vertical-align: inherit;\"><span style=\"vertical-align: inherit;\"><span style=\"vertical-align: inherit;\">https:\/\/www.office.com\/<\/span><\/span><\/span><\/span><\/a><\/p>\r\n","protected":false},"excerpt":{"rendered":"<p>&nbsp; JU OSNOVNA \u0160KOLA \u201cPORODICE EF. RAMI\u0106\u201d KORISTI OFFICE365 ONLINE PLATFORMU ZA U\u010cENJE. KLIKOM NA LINK PRESUMJERAVATE SE NA PRIJAVU ONLINE OKRU\u017dENJA ZA U\u010cENJE PUTEM \u0160IFRE KOJE U\u010cENICIMA DODJELJUJE KOORDINATOR ONLINE NASTAVNOG OKRU\u017dENJA. UKOLIKO IMATE TEHNI\u010cKIH PROBLEMA SA KORI\u0160TENJEM ONLINE PLATFORME JAVITE SE ZA PODR\u0160KU NA MAIL KOORDINATORU: info@osramic.edu.ba https:\/\/www.office.com\/<\/p>\n","protected":false},"author":1,"featured_media":0,"parent":0,"menu_order":0,"comment_status":"closed","ping_status":"closed","template":"","meta":{"footnotes":""},"class_list":["post-4033","page","type-page","status-publish","hentry"],"_links":{"self":[{"href":"http:\/\/osramic.edu.ba\/index.php?rest_route=\/wp\/v2\/pages\/4033","targetHints":{"allow":["GET"]}}],"collection":[{"href":"http:\/\/osramic.edu.ba\/index.php?rest_route=\/wp\/v2\/pages"}],"about":[{"href":"http:\/\/osramic.edu.ba\/index.php?rest_route=\/wp\/v2\/types\/page"}],"author":[{"embeddable":true,"href":"http:\/\/osramic.edu.ba\/index.php?rest_route=\/wp\/v2\/users\/1"}],"replies":[{"embeddable":true,"href":"http:\/\/osramic.edu.ba\/index.php?rest_route=%2Fwp%2Fv2%2Fcomments&post=4033"}],"version-history":[{"count":10,"href":"http:\/\/osramic.edu.ba\/index.php?rest_route=\/wp\/v2\/pages\/4033\/revisions"}],"predecessor-version":[{"id":6291,"href":"http:\/\/osramic.edu.ba\/index.php?rest_route=\/wp\/v2\/pages\/4033\/revisions\/6291"}],"wp:attachment":[{"href":"http:\/\/osramic.edu.ba\/index.php?rest_route=%2Fwp%2Fv2%2Fmedia&parent=4033"}],"curies":[{"name":"wp","href":"https:\/\/api.w.org\/{rel}","templated":true}]}}