{"id":4092,"date":"2021-09-20T14:06:43","date_gmt":"2021-09-20T13:06:43","guid":{"rendered":"http:\/\/osramic.edu.ba\/?page_id=4092"},"modified":"2021-09-20T20:09:18","modified_gmt":"2021-09-20T19:09:18","slug":"link-za-prijavu-svih-oblika-nasilja","status":"publish","type":"page","link":"http:\/\/osramic.edu.ba\/?page_id=4092","title":{"rendered":"Link za prijavu svih oblika nasilja"},"content":{"rendered":"<p>Po\u0161tovani roditelji putem ove forme mo\u017eete prijaviti sve primje\u0107ene oblike pona\u0161anja koji na bilo koji na\u010din ugro\u017eavaju\u00a0 sigurnost va\u0161e djece. Draga djeco putem ove forme mo\u017eete prijaviti sve primje\u0107ene oblike pona\u0161anja koji na bilo koji na\u010din ugro\u017eavaju\u00a0 va\u0161u ili sigurnost va\u0161ih prijatelja. Prijave zaprimljene putem ove forme bit \u0107e dostupne samo stru\u010dnoj slu\u017ebi \u0161kole.<\/p>\n<p><a href=\"https:\/\/teams.microsoft.com\/l\/message\/19:RZ_8LvYWafRyA-_9QqADAam0olwmEqBEiugRqgsyqrA1@thread.tacv2\/1632142906605?tenantId=e219313a-691f-4b35-b582-9e0baf10bf39&amp;groupId=3d04bd90-14cc-4ced-8c3b-d9690e0d954b&amp;parentMessageId=1632142906605&amp;teamName=Prijava%20svih%20oblika%20nasilja&amp;channelName=Op%C4%87enito&amp;createdTime=1632142906605\">https:\/\/teams.microsoft.com\/l\/message\/19:RZ_8LvYWafRyA-_9QqADAam0olwmEqBEiugRqgsyqrA1@thread.tacv2\/1632142906605?tenantId=e219313a-691f-4b35-b582-9e0baf10bf39&amp;groupId=3d04bd90-14cc-4ced-8c3b-d9690e0d954b&amp;parentMessageId=1632142906605&amp;teamName=Prijava%20svih%20oblika%20nasilja&amp;channelName=Op%C4%87enito&amp;createdTime=1632142906605<\/a><\/p>\n","protected":false},"excerpt":{"rendered":"<p>Po\u0161tovani roditelji putem ove forme mo\u017eete prijaviti sve primje\u0107ene oblike pona\u0161anja koji na bilo koji na\u010din ugro\u017eavaju\u00a0 sigurnost va\u0161e djece. Draga djeco putem ove forme mo\u017eete prijaviti sve primje\u0107ene oblike pona\u0161anja koji na bilo koji na\u010din ugro\u017eavaju\u00a0 va\u0161u ili sigurnost va\u0161ih prijatelja. Prijave zaprimljene putem ove forme bit \u0107e dostupne samo stru\u010dnoj slu\u017ebi \u0161kole. https:\/\/teams.microsoft.com\/l\/message\/19:RZ_8LvYWafRyA-_9QqADAam0olwmEqBEiugRqgsyqrA1@thread.tacv2\/1632142906605?tenantId=e219313a-691f-4b35-b582-9e0baf10bf39&amp;groupId=3d04bd90-14cc-4ced-8c3b-d9690e0d954b&amp;parentMessageId=1632142906605&amp;teamName=Prijava%20svih%20oblika%20nasilja&amp;channelName=Op%C4%87enito&amp;createdTime=1632142906605<\/p>\n","protected":false},"author":1,"featured_media":0,"parent":0,"menu_order":0,"comment_status":"closed","ping_status":"closed","template":"","meta":{"footnotes":""},"class_list":["post-4092","page","type-page","status-publish","hentry"],"_links":{"self":[{"href":"http:\/\/osramic.edu.ba\/index.php?rest_route=\/wp\/v2\/pages\/4092","targetHints":{"allow":["GET"]}}],"collection":[{"href":"http:\/\/osramic.edu.ba\/index.php?rest_route=\/wp\/v2\/pages"}],"about":[{"href":"http:\/\/osramic.edu.ba\/index.php?rest_route=\/wp\/v2\/types\/page"}],"author":[{"embeddable":true,"href":"http:\/\/osramic.edu.ba\/index.php?rest_route=\/wp\/v2\/users\/1"}],"replies":[{"embeddable":true,"href":"http:\/\/osramic.edu.ba\/index.php?rest_route=%2Fwp%2Fv2%2Fcomments&post=4092"}],"version-history":[{"count":4,"href":"http:\/\/osramic.edu.ba\/index.php?rest_route=\/wp\/v2\/pages\/4092\/revisions"}],"predecessor-version":[{"id":4098,"href":"http:\/\/osramic.edu.ba\/index.php?rest_route=\/wp\/v2\/pages\/4092\/revisions\/4098"}],"wp:attachment":[{"href":"http:\/\/osramic.edu.ba\/index.php?rest_route=%2Fwp%2Fv2%2Fmedia&parent=4092"}],"curies":[{"name":"wp","href":"https:\/\/api.w.org\/{rel}","templated":true}]}}