{"id":4099,"date":"2021-09-20T20:09:42","date_gmt":"2021-09-20T19:09:42","guid":{"rendered":"http:\/\/osramic.edu.ba\/?page_id=4099"},"modified":"2023-09-29T22:50:24","modified_gmt":"2023-09-29T21:50:24","slug":"korisni-linkovi","status":"publish","type":"page","link":"http:\/\/osramic.edu.ba\/?page_id=4099","title":{"rendered":"Korisni linkovi"},"content":{"rendered":"\r\n<h3 class=\"widget-title\">Pretra\u017ei<\/h3><form method=\"get\" id=\"searchbar\" action=\"http:\/\/osramic.edu.ba\/\"><input type=\"search\" name=\"s\" value=\"Type and hit enter to search\" onfocus=\"if(this.value==this.defaultValue)this.value='';\" onblur=\"if(this.value=='')this.value=this.defaultValue;\"><\/form>\r\n<p>&nbsp;<\/p>\r\n<p><a href=\"https:\/\/mo.ks.gov.ba\/\">https:\/\/mo.ks.gov.ba\/<\/a> Ministarstvo za odgoj i obrazovanje KS<\/p>\r\n\r\n\r\n\r\n<p><a href=\"http:\/\/www.fmon.gov.ba\/\" data-type=\"URL\" data-id=\"http:\/\/www.fmon.gov.ba\/\">http:\/\/www.fmon.gov.ba\/<\/a> Federalno Ministarstvo Obrazovanja i Nauke<\/p>\r\n\r\n\r\n\r\n<p><a href=\"https:\/\/www.classdojo.com\/\">https:\/\/www.classdojo.com\/<\/a> ClassDojo<\/p>\r\n\r\n\r\n\r\n<p><a href=\"https:\/\/e-dnevnik.edu.ba\/\">https:\/\/e-dnevnik.edu.ba\/<\/a> e-Dnevnik<\/p>\r\n\r\n\r\n\r\n<p><a href=\"https:\/\/fld.ba\/bs\">https:\/\/fld.ba\/bs<\/a> Sigurna ku\u0107a- <strong>Skloni\u0161te za \u017eene i djecu \u017ertve nasilja u porodici<\/strong><\/p>\r\n\r\n\r\n\r\n<p><a href=\"https:\/\/www.plavitelefon.ba\/\">https:\/\/www.plavitelefon.ba\/<\/a> Plavi telefon -savjetodavna linija za djecu i mlade<\/p>\r\n\r\n\r\n\r\n<p><a href=\"https:\/\/kcsr.ba\/vogosca\">https:\/\/kcsr.ba\/vogosca<\/a> \u00a0Slu\u017eba socijalne za\u0161tite \u00a0Vogo\u0161\u0107a<\/p>\r\n\r\n<p><a href=\"https:\/\/porodicno.ba\/      Porodi\u010dno savjetovali\u0161t\">https:\/\/porodicno.ba\/ <\/a><\/p>\r\n\r\n<p>&nbsp;<\/p>\r\n","protected":false},"excerpt":{"rendered":"<p>&nbsp; https:\/\/mo.ks.gov.ba\/ Ministarstvo za odgoj i obrazovanje KS http:\/\/www.fmon.gov.ba\/ Federalno Ministarstvo Obrazovanja i Nauke https:\/\/www.classdojo.com\/ ClassDojo https:\/\/e-dnevnik.edu.ba\/ e-Dnevnik https:\/\/fld.ba\/bs Sigurna ku\u0107a- Skloni\u0161te za \u017eene i djecu \u017ertve nasilja u porodici https:\/\/www.plavitelefon.ba\/ Plavi telefon -savjetodavna linija za djecu i mlade https:\/\/kcsr.ba\/vogosca \u00a0Slu\u017eba socijalne za\u0161tite \u00a0Vogo\u0161\u0107a https:\/\/porodicno.ba\/ &nbsp;<\/p>\n","protected":false},"author":1,"featured_media":0,"parent":0,"menu_order":0,"comment_status":"closed","ping_status":"closed","template":"","meta":{"footnotes":""},"class_list":["post-4099","page","type-page","status-publish","hentry"],"_links":{"self":[{"href":"http:\/\/osramic.edu.ba\/index.php?rest_route=\/wp\/v2\/pages\/4099","targetHints":{"allow":["GET"]}}],"collection":[{"href":"http:\/\/osramic.edu.ba\/index.php?rest_route=\/wp\/v2\/pages"}],"about":[{"href":"http:\/\/osramic.edu.ba\/index.php?rest_route=\/wp\/v2\/types\/page"}],"author":[{"embeddable":true,"href":"http:\/\/osramic.edu.ba\/index.php?rest_route=\/wp\/v2\/users\/1"}],"replies":[{"embeddable":true,"href":"http:\/\/osramic.edu.ba\/index.php?rest_route=%2Fwp%2Fv2%2Fcomments&post=4099"}],"version-history":[{"count":7,"href":"http:\/\/osramic.edu.ba\/index.php?rest_route=\/wp\/v2\/pages\/4099\/revisions"}],"predecessor-version":[{"id":6325,"href":"http:\/\/osramic.edu.ba\/index.php?rest_route=\/wp\/v2\/pages\/4099\/revisions\/6325"}],"wp:attachment":[{"href":"http:\/\/osramic.edu.ba\/index.php?rest_route=%2Fwp%2Fv2%2Fmedia&parent=4099"}],"curies":[{"name":"wp","href":"https:\/\/api.w.org\/{rel}","templated":true}]}}