{"id":4925,"date":"2022-07-25T13:35:23","date_gmt":"2022-07-25T12:35:23","guid":{"rendered":"http:\/\/osramic.edu.ba\/?page_id=4925"},"modified":"2022-07-25T13:35:23","modified_gmt":"2022-07-25T12:35:23","slug":"javni-poziv-za-vanlinijski-prevoz-redovnih-ucenika-ju-os-porodice-ef-ramic-semizovac","status":"publish","type":"page","link":"http:\/\/osramic.edu.ba\/?page_id=4925","title":{"rendered":"Javni poziv za vanlinijski prevoz redovnih u\u010denika JU O\u0160 &#8220;Porodice ef. Rami\u0107&#8221; Semizovac"},"content":{"rendered":"<a href=\"http:\/\/osramic.edu.ba\/wp-content\/uploads\/2022\/07\/JAVNI-POZIV-str.1..pdf\" class=\"pdfemb-viewer\" style=\"width:300px;height:700px;\" data-width=\"300\" data-height=\"700\" data-toolbar=\"top\" data-toolbar-fixed=\"on\">JAVNI POZIV (str.1.)<\/a>\n<a href=\"http:\/\/osramic.edu.ba\/wp-content\/uploads\/2022\/07\/JAVNI-POZIV-str.2..pdf\" class=\"pdfemb-viewer\" style=\"width:300px;height:700px;\" data-width=\"300\" data-height=\"700\" data-toolbar=\"top\" data-toolbar-fixed=\"on\">JAVNI POZIV (str.2.)<\/a>\n<a href=\"http:\/\/osramic.edu.ba\/wp-content\/uploads\/2022\/07\/ODLUKA-O-POKRETANJU-OTVORENOG-POSTUPKA-ZA-PREVOZ-UCENIKA-U-SKOL.pdf\" class=\"pdfemb-viewer\" style=\"width:300px;height:700px;\" data-width=\"300\" data-height=\"700\" data-toolbar=\"top\" data-toolbar-fixed=\"on\">ODLUKA O POKRETANJU OTVORENOG POSTUPKA ZA PREVOZ U\u010cENIKA U \u0160KOL<\/a>\n<p><a href=\"http:\/\/osramic.edu.ba\/?attachment_id=4931\" rel=\"attachment wp-att-4931\">TENDERSKA DOKUMENTACIJA NABAVKA ROBA<\/a><\/p>\n<p><a href=\"http:\/\/osramic.edu.ba\/?attachment_id=4933\" rel=\"attachment wp-att-4933\">Odluka-dopuna Plana JN<\/a><\/p>\n<p>&nbsp;<\/p>\n","protected":false},"excerpt":{"rendered":"<p>TENDERSKA DOKUMENTACIJA NABAVKA ROBA Odluka-dopuna Plana JN &nbsp;<\/p>\n","protected":false},"author":1,"featured_media":0,"parent":0,"menu_order":0,"comment_status":"closed","ping_status":"closed","template":"","meta":{"footnotes":""},"class_list":["post-4925","page","type-page","status-publish","hentry"],"_links":{"self":[{"href":"http:\/\/osramic.edu.ba\/index.php?rest_route=\/wp\/v2\/pages\/4925","targetHints":{"allow":["GET"]}}],"collection":[{"href":"http:\/\/osramic.edu.ba\/index.php?rest_route=\/wp\/v2\/pages"}],"about":[{"href":"http:\/\/osramic.edu.ba\/index.php?rest_route=\/wp\/v2\/types\/page"}],"author":[{"embeddable":true,"href":"http:\/\/osramic.edu.ba\/index.php?rest_route=\/wp\/v2\/users\/1"}],"replies":[{"embeddable":true,"href":"http:\/\/osramic.edu.ba\/index.php?rest_route=%2Fwp%2Fv2%2Fcomments&post=4925"}],"version-history":[{"count":5,"href":"http:\/\/osramic.edu.ba\/index.php?rest_route=\/wp\/v2\/pages\/4925\/revisions"}],"predecessor-version":[{"id":4935,"href":"http:\/\/osramic.edu.ba\/index.php?rest_route=\/wp\/v2\/pages\/4925\/revisions\/4935"}],"wp:attachment":[{"href":"http:\/\/osramic.edu.ba\/index.php?rest_route=%2Fwp%2Fv2%2Fmedia&parent=4925"}],"curies":[{"name":"wp","href":"https:\/\/api.w.org\/{rel}","templated":true}]}}