{"id":5205,"date":"2022-12-01T12:35:04","date_gmt":"2022-12-01T11:35:04","guid":{"rendered":"http:\/\/osramic.edu.ba\/?page_id=5205"},"modified":"2022-12-01T12:40:08","modified_gmt":"2022-12-01T11:40:08","slug":"pravilnik-o-postupku-internog-prijavljivanja-korupcije","status":"publish","type":"page","link":"http:\/\/osramic.edu.ba\/?page_id=5205","title":{"rendered":"PRAVILNIK  O POSTUPKU INTERNOG PRIJAVLJIVANJA KORUPCIJE"},"content":{"rendered":"<p><strong>JAVNA USTANOVA OSNOVNA \u0160KOLA \u00ab PORODICE EF.RAMI\u0106 \u00ab<\/strong><\/p>\n<p><strong>\u00a0\u00a0\u00a0\u00a0\u00a0\u00a0 \u00a0\u00a0\u00a0\u00a0 \u00a0\u00a0\u00a0\u00a0\u00a0\u00a0\u00a0\u00a0\u00a0\u00a0\u00a0 \u00a0\u00a0\u00a0\u00a0SEMIZOVAC , VOGO\u0160\u0106A<\/strong><\/p>\n<p><strong>\u00a0 \u00a0 \u00a0 \u00a0 \u00a0 \u00a0 \u00a0 \u00a0 \u00a0 \u00a0 \u00a0 \u00a0 \u00a0 \u00a0 \u00a0 P R A V I L N I K\u00a0 <\/strong><\/p>\n<p><strong>O POSTUPKU INTERNOG PRIJAVLJIVANJA KORUPCIJE<\/strong><\/p>\n<p><strong>\u00a0<\/strong><\/p>\n<p><strong>SEMIZOVAC, oktobar 2022.godine<\/strong><\/p>\n<p><strong>\u00a0<\/strong><\/p>\n<p><strong>\u00a0<\/strong><\/p>\n<p><strong>\u00a0<\/strong><\/p>\n<p><strong>\u00a0<\/strong><\/p>\n<p><strong>\u00a0<\/strong><\/p>\n<p><strong>\u00a0<\/strong><\/p>\n<p>Na osnovu \u010dlana 96. Zakona o osnovnom odgoju i obrazovanju (Sl.novine Kantona Sarajevo broj 23\/2017, 33\/2017, 30\/2019, 34\/20 i 33\/21) i \u010dlana 35. Zakona o prevenciji i suzbijanju korupcije u Kantonu Sarajevo (\u201eSlu\u017ebene novine Kantona Sarajevo\u201c, broj 35\/2022)\u00a0 \u00a0direktor donosi<\/p>\n<p><strong>\u00a0 \u00a0 \u00a0 \u00a0 \u00a0 \u00a0 \u00a0 \u00a0 \u00a0 \u00a0 \u00a0 \u00a0 \u00a0 \u00a0 \u00a0 \u00a0 \u00a0 \u00a0 \u00a0 \u00a0 \u00a0 \u00a0 \u00a0 \u00a0 \u00a0 \u00a0 \u00a0 \u00a0 \u00a0 \u00a0 \u00a0 \u00a0P R A V I L N I K\u00a0 <\/strong><\/p>\n<p><strong>\u00a0 \u00a0 \u00a0 \u00a0 \u00a0 \u00a0 \u00a0 \u00a0 \u00a0 \u00a0 \u00a0 \u00a0 \u00a0 \u00a0 \u00a0 \u00a0O POSTUPKU INTERNOG\u00a0 <\/strong><strong>PRIJAVLJIVANJA KORUPCIJE<\/strong><\/p>\n<p><strong>POGLAVLJE I &#8211; OSNOVNE ODREDBE<\/strong><\/p>\n<p>\u010clan 1.<\/p>\n<p>(Predmet)<\/p>\n<p>(1) Ovim pravilnikom propisuje se postupak internog prijavljivanja\u00a0 korupcije ( u daljem tekstu: Pravilnik) u JU Osnovnoj \u0161koli \u201ePorodice ef.Rami\u0107\u201c po zaprimljenim prijavama i drugih oblika nepravilnosti \u00a0odgovornog lica i radnika koji imaju zasnovan radni odnos na neodre\u0111eno i odre\u0111eno vrijeme, kao i drugih lica nosioca javnih funkcija.<\/p>\n<p>(2) Svrha dono\u0161enja ovog Pravilnika je spre\u010davanje korupcije i drugih nepravilnosti putem uspostavljanja efikasnog sistema prijavljivanja, kao i za\u0161tita prijavitelja\u00a0 od bilo kojeg oblika ugro\u017eavanja ili povrede njegovih prava.<\/p>\n<p>\u010clan 2.<\/p>\n<p>(Upotreba \u017eenskog ili mu\u0161kog roda)<\/p>\n<p>Terminolo\u0161ko kori\u0161tenje mu\u0161kog ili \u017eenskog roda u ovom pravilniku uklju\u010duje oba\u00a0 roda.<\/p>\n<p><strong>\u00a0<\/strong><\/p>\n<p><strong>\u00a0<\/strong><\/p>\n<p><strong>POGLAVLJE II-OBLICI PRIJAVLJIVANJA<\/strong><\/p>\n<p><strong>\u00a0<\/strong><\/p>\n<p>\u010clan 3.<\/p>\n<p>(Vrste za\u0161ti\u0107enog prijavljivanja)<\/p>\n<p>Postoje tri vrste za\u0161ti\u0107enog prijavljivanja korupcije:<\/p>\n<ol>\n<li>a) interno prijavljivanje<\/li>\n<li>b) eksterno prijavljivanje,<\/li>\n<li>c) javno prijavljivanje iz kojeg prizlazi sumnja prijavitelja da je izvr\u0161ena korupcija<\/li>\n<\/ol>\n<p>\u010clan 4.<\/p>\n<p>(Pojam internog prijavljivanja)<\/p>\n<p>(1)Interno prijavljivanje korupcije postoji kada prijavitelj podnosi prijavu odgovornom licu \u0161kole, odnosno direktoru ili ovla\u0161tenom licu \u00a0\u0161kole da je u \u0161koli izvr\u0161ena korupcija.<\/p>\n<p><strong>\u00a0<\/strong>(2) Svaki radnik koji ima opravdanu sumnju, saznanje ili materijalne dokaze o postojanju korupcije ili drugih nepravilnosti odnosno postojanju okolnosti koje ukazuje na korupciju ili druge nepravilnosti, ima pravo da podnese internu\u00a0 prijavu.<\/p>\n<p>\u010clan 5.<\/p>\n<p>(Lice za prijem i postupanje po prijavama)<\/p>\n<p>(1) Direktor \u0161kole imenuje ovla\u0161teno lice ili vi\u0161e njih za prijem prijava korupcije (u daljem tekstu: ovla\u0161teno lice).<\/p>\n<p>(2) Direktor \u0161kole za\u00a0 ovla\u0161teno lice za prijem i postupanje po prijavama korupcije mora imenovati lice sa zavr\u0161enim VII stepenom stru\u010dne spreme, zavr\u0161en pravni fakultet sa 240 ECTS bodova ili ekvivalent.<\/p>\n<p>\u010clan 6.<\/p>\n<p>(Obaveza direktora)<\/p>\n<p>(1) Direktor \u0161kole du\u017ean je omogu\u0107iti\u00a0 postavljanje kutije\/sandu\u010deta\u00a0 za podno\u0161enje prijave korupcije na vidnom mjestu, sa naznakom \u201eZA PRIJAVU KORUPCIJE\u201c.<\/p>\n<p>(2) Kutija\/sandu\u010de\u00a0 treba da bude dostupna prijavitelju korupcije.<\/p>\n<p>\u010clan 7.<\/p>\n<p>(Pravo prijave)<\/p>\n<p>(1) Svako lice ima pravo da prijavi bilo koji oblik korupcije u \u0161koli, za koji sazna na bilo koji na\u010din.<\/p>\n<p>(2) Prijava se mo\u017ee podnijeti putem protokola, putem po\u0161te, putem elektronske po\u0161te ili online sistema za prijavu korupcije na slu\u017ebenoj internet stranici \u0161kole, putem kutije\/sandu\u010deta za prijavu ili usmeno na zapisnik.<\/p>\n<p>\u010clan 8.<\/p>\n<p>(Sadr\u017eaj prijave)<\/p>\n<p>(1) Prijava prijavitelja korupcije treba da sadr\u017ei:<\/p>\n<ol>\n<li>a) podatke o prijavitelju korupcije,<\/li>\n<li>b) podatke o \u0161koli za koju prijavitelj sumnja da je u istoj izvr\u0161ena korupcija,<\/li>\n<li>c) opis radnje ili pona\u0161anja koje se prijavljuje kao korupcija, uz navo\u0111enje konkretnih \u010dinjenica i okolnosti iz kojih proizlazi sumnja prijavitelja da je izvr\u0161ena korupcija<\/li>\n<\/ol>\n<p>(2) Osim podataka navedenih u stavu 1.ovog \u010dlana, prijava mo\u017ee sadr\u017eavati i podatke o licu na koje prijavitelj sumnja da je izvr\u0161ilo korupciju, ukoliko ima informaciju o tome u trenutku podno\u0161enja i dostavlja dokumentaciju iz koje proizlazi sumnja da je izvr\u0161ena korupcija.<\/p>\n<p><strong>POGLAVLJE III-POSTUPAK SA PRIJAVOM<\/strong><\/p>\n<p>\u010clan 9.<\/p>\n<p>(Postupak sa prijavom)<\/p>\n<p>(1) Postupak internog prijavljivanja po\u010dinje kada prijavitelj prijavu podnese direktoru \u0161kole ili ovla\u0161tenom licu \u0161kole ili putem kutije\/sandu\u010deta za prijavu korupcije.<\/p>\n<p>(2) Nakon prijema prijave odgovorno lice \u0161kole ili ovla\u0161teno lice \u0161kole utvr\u0111uje da li je\u00a0 sadr\u017eaj \u00a0prijava u skladu sa \u010dlanom 8. ovog pravilnika.<\/p>\n<p>(3) Ukoliko sadr\u017eaj prijave nije u skladu sa \u010dlanom 8. ovog Pravilnika ovla\u0161teno lice obavijestit \u0107e prijavitelja, \u010diji mu je identitet poznat, da u roku od\u00a0 od sedam dana, od dana prijema obavijesti, prijavu dopuni.<\/p>\n<p>(4) Ako prijavitelj u ostavljenom roku za dopunu prijave, prijavu ne dopuni, smatrat \u0107e se da odustao od prijave.<\/p>\n<p>(5) Ovla\u0161teno lice u slu\u010daju iz stava 4. ovog \u010dlana nije du\u017eno postupati po prijavi.<\/p>\n<p>(6) Ovla\u0161teno lice du\u017eno je postupati i po anonimnim prijavama, koje sadr\u017ee podatke o \u0161koli za koju prijavitelj sumnja da je u istoj izvr\u0161ena korupcija i opis radnje ili pona\u0161anja koje se prijavljuje kao korupcija, uz navo\u0111enje konkretnih \u010dinjenica i okolnosti iz kojih proizlazi sumnja prijavitelja da je izvr\u0161ena korupcija.<\/p>\n<p>\u010clan 10.<\/p>\n<p>(Rok za postupanje po\u00a0 prijavi)<\/p>\n<p>Odgovorno lice \u0161kole ili ovla\u0161teno lice \u0161kole nakon \u0161to utvrdi da prijava korupcije sadr\u017ei sve zakonom propisane elemente, du\u017eno je postupiti po prijavi odmah, a najkasnije u roku od 30 dana od dana prijema prijave.<\/p>\n<p>\u010clan 11.<\/p>\n<p>(Za\u0161tita li\u010dnih podataka i mjere za spre\u010davanje \u0161tetnih posljedica)<\/p>\n<p>(1) Odgovorno\u00a0 ili ovla\u0161teno lice \u0161kole du\u017eno je osigurati za\u0161titu li\u010dnih podataka i anonimnost prijavitelja, kao i poduzeti mjere i aktivnosti kojima \u0107e se sprije\u010diti ili otkloniti nastupanje \u0161tetne radnje.<\/p>\n<p>(2) Odgovorno\u00a0 ili ovla\u0161teno lice \u0161kole prijavitelju korupcije osigurat \u0107e za\u0161titu i ostvarivanja prava prijavitelja.<\/p>\n<p>\u010clan 12.<\/p>\n<p>(Utvr\u0111ivanje disciplinske i materijalne odgovornosti )<\/p>\n<p>Odgovorno\u00a0 ili ovla\u0161teno lice \u0161kole\u00a0 mora poduzeti mjere na utvr\u0111ivanju disciplinske i materijalne odgovornosti lica koje je izvr\u0161ilo korupciju.<\/p>\n<p>\u010clan 13.<\/p>\n<p>(Obaveze prema prijavitelju)<\/p>\n<p>(1) Odgovorno\u00a0 ili ovla\u0161teno lice \u0161kole du\u017eno je da prijavitelja korupcije obavijesti o mjerama i aktivnostima poduzetim\u00a0 po podnesenoj prijavi, u roku od 30 dana od dana podno\u0161enja prijave.<\/p>\n<p>(2) Odgovorno \u00a0ili ovla\u0161teno lice \u0161kole donosi odluku o izhodu postupka po podnesenoj prijavi korupcije i dostavlja se prijavitelju \u00a0u roku od osam dana od dana okon\u010danja postupka.<\/p>\n<p>(3) Ukoliko se sumnja da prijava korupcije ukazuje na izvr\u0161enje prekr\u0161aja, odgovorno ili ovla\u0161teno lice podnose prijavu nadle\u017enoj inspekciji, u roku od pet dana od dana prijema.<\/p>\n<p>(4) Ukoliko prijava ukazuje na izvr\u0161enje krivi\u010dnog djela, prijava se u roku od pet dana od dana prijema proslijedjuje nadle\u017enom tu\u017eila\u0161tvu ili drugom organu.<\/p>\n<p>\u010clan 14.<\/p>\n<p>(Obavijest Ureda)<\/p>\n<p>Po okon\u010danju postupka po podnesenoj prijavi za korupciju odgovorno\u00a0 ili ovla\u0161teno lice \u0161kole, u roku od osam dana od dana okon\u010danja postupka, du\u017eno je obavijestiti Ured za borbu protiv korupcije i upravljanje kvalitetom.<\/p>\n<p><strong>\u00a0<\/strong><\/p>\n<p><strong>\u00a0<\/strong><\/p>\n<p><strong>POGLAVLJE III-PRIJELAZNE I ZAVR\u0160NE ODREDBE<\/strong><\/p>\n<p>\u010clan 15.<\/p>\n<p>(Primjena zakona)<\/p>\n<p>Sve \u0161to nije regulisano ovim Pravilnikom primjenjuje se Zakon o prevenciji i suzbijanju korupcije u Kantonu Sarajevo.<\/p>\n<p>\u010clan 16.<\/p>\n<p>(Stupanje na snagu)<\/p>\n<p>Pravilnik o internom prijavljivanju korupcije stupa na snagu danom dono\u0161enja.<\/p>\n<p>Djl.br.10-6723\/22<\/p>\n<p>Datum: 14.10.2022.g.<\/p>\n<p>DIREKTOR\u00a0\u00a0 \u0160KOLE<\/p>\n<p>__________________________<\/p>\n<p>mr.\u0160emso Pa\u010dariz<\/p>\n","protected":false},"excerpt":{"rendered":"<p>JAVNA USTANOVA OSNOVNA \u0160KOLA \u00ab PORODICE EF.RAMI\u0106 \u00ab \u00a0\u00a0\u00a0\u00a0\u00a0\u00a0 \u00a0\u00a0\u00a0\u00a0 \u00a0\u00a0\u00a0\u00a0\u00a0\u00a0\u00a0\u00a0\u00a0\u00a0\u00a0 \u00a0\u00a0\u00a0\u00a0SEMIZOVAC , VOGO\u0160\u0106A \u00a0 \u00a0 \u00a0 \u00a0 \u00a0 \u00a0 \u00a0 \u00a0 \u00a0 \u00a0 \u00a0 \u00a0 \u00a0 \u00a0 \u00a0 P R A V I L N I K\u00a0 O POSTUPKU INTERNOG PRIJAVLJIVANJA KORUPCIJE \u00a0 SEMIZOVAC, oktobar 2022.godine \u00a0 \u00a0 \u00a0 \u00a0 \u00a0 \u00a0 Na osnovu&#8230;<\/p>\n","protected":false},"author":1,"featured_media":0,"parent":0,"menu_order":0,"comment_status":"closed","ping_status":"closed","template":"","meta":{"footnotes":""},"class_list":["post-5205","page","type-page","status-publish","hentry"],"_links":{"self":[{"href":"http:\/\/osramic.edu.ba\/index.php?rest_route=\/wp\/v2\/pages\/5205","targetHints":{"allow":["GET"]}}],"collection":[{"href":"http:\/\/osramic.edu.ba\/index.php?rest_route=\/wp\/v2\/pages"}],"about":[{"href":"http:\/\/osramic.edu.ba\/index.php?rest_route=\/wp\/v2\/types\/page"}],"author":[{"embeddable":true,"href":"http:\/\/osramic.edu.ba\/index.php?rest_route=\/wp\/v2\/users\/1"}],"replies":[{"embeddable":true,"href":"http:\/\/osramic.edu.ba\/index.php?rest_route=%2Fwp%2Fv2%2Fcomments&post=5205"}],"version-history":[{"count":3,"href":"http:\/\/osramic.edu.ba\/index.php?rest_route=\/wp\/v2\/pages\/5205\/revisions"}],"predecessor-version":[{"id":5208,"href":"http:\/\/osramic.edu.ba\/index.php?rest_route=\/wp\/v2\/pages\/5205\/revisions\/5208"}],"wp:attachment":[{"href":"http:\/\/osramic.edu.ba\/index.php?rest_route=%2Fwp%2Fv2%2Fmedia&parent=5205"}],"curies":[{"name":"wp","href":"https:\/\/api.w.org\/{rel}","templated":true}]}}