{"id":5487,"date":"2023-03-08T14:11:42","date_gmt":"2023-03-08T13:11:42","guid":{"rendered":"http:\/\/osramic.edu.ba\/?page_id=5487"},"modified":"2023-03-08T18:27:07","modified_gmt":"2023-03-08T17:27:07","slug":"odluke","status":"publish","type":"page","link":"http:\/\/osramic.edu.ba\/?page_id=5487","title":{"rendered":"Odluke"},"content":{"rendered":"<p><a href=\"http:\/\/osramic.edu.ba\/wp-content\/uploads\/2023\/03\/KONACNA-ODLUKA-ENGLESKI-JEZIK-MUJKIC-VILDANA-2022-decembar-kopija-kopija.pdf\" class=\"pdfemb-viewer\" style=\"width:300px;height:700px;\" data-width=\"300\" data-height=\"700\" data-toolbar=\"top\" data-toolbar-fixed=\"on\">KONA\u010cNA ODLUKA- ENGLESKI JEZIK \u2013 MUJKI\u0106 VILDANA-2022-decembar \u2013 kopija \u2013 kopija<\/a> <a href=\"http:\/\/osramic.edu.ba\/wp-content\/uploads\/2023\/03\/KONACNA-ODLUKA-ENGLESKI-JEZIK-MUJKIC-VILDANA-2022-decembar-kopija.pdf\" class=\"pdfemb-viewer\" style=\"width:300px;height:700px;\" data-width=\"300\" data-height=\"700\" data-toolbar=\"top\" data-toolbar-fixed=\"on\">KONA\u010cNA ODLUKA- ENGLESKI JEZIK \u2013 MUJKI\u0106 VILDANA-2022-decembar \u2013 kopija<\/a> <a href=\"http:\/\/osramic.edu.ba\/wp-content\/uploads\/2023\/03\/KONACNA-ODLUKA-ENGLESKI-JEZIK-MUJKIC-VILDANA-2022-decembar.pdf\" class=\"pdfemb-viewer\" style=\"width:300px;height:700px;\" data-width=\"300\" data-height=\"700\" data-toolbar=\"top\" data-toolbar-fixed=\"on\">KONA\u010cNA ODLUKA- ENGLESKI JEZIK \u2013 MUJKI\u0106 VILDANA-2022-decembar<\/a> <a href=\"http:\/\/osramic.edu.ba\/wp-content\/uploads\/2023\/03\/KONACNA-ODLUKA-INFORMATIKA-COSIC-ISMET-2022-decembar.pdf\" class=\"pdfemb-viewer\" style=\"width:300px;height:700px;\" data-width=\"300\" data-height=\"700\" data-toolbar=\"top\" data-toolbar-fixed=\"on\">KONA\u010cNA ODLUKA- INFORMATIKA \u2013 \u0106OSI\u0106 ISMET-2022-decembar<\/a> <a href=\"http:\/\/osramic.edu.ba\/wp-content\/uploads\/2023\/03\/ODLUKA-DIREKTNI-SPORAZUM-ZASTITA-NA-RADU.pdf\" class=\"pdfemb-viewer\" style=\"width:300px;height:700px;\" data-width=\"300\" data-height=\"700\" data-toolbar=\"top\" data-toolbar-fixed=\"on\">ODLUKA- DIREKTNI SPORAZUM \u2013 ZA\u0160TITA NA RADU<\/a> <a href=\"http:\/\/osramic.edu.ba\/wp-content\/uploads\/2023\/03\/ODLUKA-odabir-javni-poziv-prevoz-2022-2023.pdf\" class=\"pdfemb-viewer\" style=\"width:300px;height:700px;\" data-width=\"300\" data-height=\"700\" data-toolbar=\"top\" data-toolbar-fixed=\"on\">ODLUKA- odabir-javni poziv-prevoz 2022-2023<\/a> <a href=\"http:\/\/osramic.edu.ba\/wp-content\/uploads\/2023\/03\/ODLUKA-ODREDJENO-HODZIC-ALISA-2022-2023-asistent-septembar.pdf\" class=\"pdfemb-viewer\" style=\"width:300px;height:700px;\" data-width=\"300\" data-height=\"700\" data-toolbar=\"top\" data-toolbar-fixed=\"on\">ODLUKA- ODRE\u0110ENO \u2013 HOD\u017dI\u0106 ALISA- 2022- 2023 \u2013 asistent- septembar<\/a> <a href=\"http:\/\/osramic.edu.ba\/wp-content\/uploads\/2023\/03\/ODLUKA-ODREDJENO-Mujkic-Vildana-2022-novembar.pdf\" class=\"pdfemb-viewer\" style=\"width:300px;height:700px;\" data-width=\"300\" data-height=\"700\" data-toolbar=\"top\" data-toolbar-fixed=\"on\">ODLUKA- ODRE\u0110ENO \u2013 Mujki\u0107 Vildana- 2022- novembar<\/a> <a href=\"http:\/\/osramic.edu.ba\/wp-content\/uploads\/2023\/03\/ODLUKA-PRIJEM-GEOGRAFIJA-2022.pdf\" class=\"pdfemb-viewer\" style=\"width:300px;height:700px;\" data-width=\"300\" data-height=\"700\" data-toolbar=\"top\" data-toolbar-fixed=\"on\">ODLUKA- PRIJEM \u2013 GEOGRAFIJA-2022<\/a> <a href=\"http:\/\/osramic.edu.ba\/wp-content\/uploads\/2023\/03\/ODLUKA-PRIJEM-BOSANSKI-JEZIK-2022.pdf\" class=\"pdfemb-viewer\" style=\"width:300px;height:700px;\" data-width=\"300\" data-height=\"700\" data-toolbar=\"top\" data-toolbar-fixed=\"on\">ODLUKA- PRIJEM- BOSANSKI JEZIK -2022<\/a> <a href=\"http:\/\/osramic.edu.ba\/wp-content\/uploads\/2023\/03\/ODLUKA-PRIJEM-LIKOVNA-KULTURA-2022.pdf\" class=\"pdfemb-viewer\" style=\"width:300px;height:700px;\" data-width=\"300\" data-height=\"700\" data-toolbar=\"top\" data-toolbar-fixed=\"on\">ODLUKA- PRIJEM- LIKOVNA KULTURA-2022<\/a> <a href=\"http:\/\/osramic.edu.ba\/wp-content\/uploads\/2023\/03\/ODLUKA-REGRES-2022.pdf\" class=\"pdfemb-viewer\" style=\"width:300px;height:700px;\" data-width=\"300\" data-height=\"700\" data-toolbar=\"top\" data-toolbar-fixed=\"on\">ODLUKA- REGRES 2022<\/a> <a href=\"http:\/\/osramic.edu.ba\/wp-content\/uploads\/2023\/03\/ODLUKA-isplata-za-rad-preko-norne-FATIC-ANISA.pdf\" class=\"pdfemb-viewer\" style=\"width:300px;height:700px;\" data-width=\"300\" data-height=\"700\" data-toolbar=\"top\" data-toolbar-fixed=\"on\">ODLUKA-isplata za rad preko norne \u2013 FATI\u0106 ANISA<\/a> <a href=\"http:\/\/osramic.edu.ba\/wp-content\/uploads\/2023\/03\/ODLUKA-KOMISIJA-ZA-TEHNOLOSKI-VISAK-2022-mart.pdf\" class=\"pdfemb-viewer\" style=\"width:300px;height:700px;\" data-width=\"300\" data-height=\"700\" data-toolbar=\"top\" data-toolbar-fixed=\"on\">ODLUKA-KOMISIJA ZA TEHNOLO\u0160KI VI\u0160AK 2022-mart<\/a> <a href=\"http:\/\/osramic.edu.ba\/wp-content\/uploads\/2023\/03\/ODLUKA-MENADZER-INTEGRITETA-KORUPCIJA-2022.pdf\" class=\"pdfemb-viewer\" style=\"width:300px;height:700px;\" data-width=\"300\" data-height=\"700\" data-toolbar=\"top\" data-toolbar-fixed=\"on\">ODLUKA-MENAD\u017dER INTEGRITETA-KORUPCIJA-2022<\/a> <a href=\"http:\/\/osramic.edu.ba\/wp-content\/uploads\/2023\/03\/ODLUKA-PRIJEM-NEODREDJENO-MATEMATIKA-2022.pdf\" class=\"pdfemb-viewer\" style=\"width:300px;height:700px;\" data-width=\"300\" data-height=\"700\" data-toolbar=\"top\" data-toolbar-fixed=\"on\">ODLUKA-PRIJEM \u2013 NEODRE\u0110ENO \u2013 MATEMATIKA-2022<\/a> <a href=\"http:\/\/osramic.edu.ba\/wp-content\/uploads\/2023\/03\/ODLUKA-PRIJEM-RAZREDNA-NASTAVA-2022.pdf\" class=\"pdfemb-viewer\" style=\"width:300px;height:700px;\" data-width=\"300\" data-height=\"700\" data-toolbar=\"top\" data-toolbar-fixed=\"on\">ODLUKA-PRIJEM- RAZREDNA NASTAVA-2022<\/a> <a href=\"http:\/\/osramic.edu.ba\/wp-content\/uploads\/2023\/03\/ODLUKA-PRIJEM-RAZREDNA-NASTAVA-HADROVIC-SELMA-2022.pdf\" class=\"pdfemb-viewer\" style=\"width:300px;height:700px;\" data-width=\"300\" data-height=\"700\" data-toolbar=\"top\" data-toolbar-fixed=\"on\">ODLUKA-PRIJEM- RAZREDNA NASTAVA-HADROVI\u0106 SELMA-2022<\/a> <a href=\"http:\/\/osramic.edu.ba\/wp-content\/uploads\/2023\/03\/ODLUKA-PRIJEM-NEODREDJENO-KURTOVIC-SADETA-2022.pdf\" class=\"pdfemb-viewer\" style=\"width:300px;height:700px;\" data-width=\"300\" data-height=\"700\" data-toolbar=\"top\" data-toolbar-fixed=\"on\">ODLUKA-PRIJEM-NEODRE\u0110ENO- KURTOVI\u0106 SADETA- 2022<\/a> <a href=\"http:\/\/osramic.edu.ba\/wp-content\/uploads\/2023\/03\/ODLUKA-PRIJEM-NEODREDJENO-NURIKIC-ELVEDINA-2022.pdf\" class=\"pdfemb-viewer\" style=\"width:300px;height:700px;\" data-width=\"300\" data-height=\"700\" data-toolbar=\"top\" data-toolbar-fixed=\"on\">ODLUKA-PRIJEM-NEODRE\u0110ENO- NURIKI\u0106 ELVEDINA- 2022<\/a> <a href=\"http:\/\/osramic.edu.ba\/wp-content\/uploads\/2023\/03\/ODLUKA-PRIJEM-NEODREDJENO-PSIHOLOG-KOVACEVIC-ZERINA-2022.pdf\" class=\"pdfemb-viewer\" style=\"width:300px;height:700px;\" data-width=\"300\" data-height=\"700\" data-toolbar=\"top\" data-toolbar-fixed=\"on\">ODLUKA-PRIJEM-NEODRE\u0110ENO- PSIHOLOG- KOVA\u010cEVI\u0106 ZERINA- 2022<\/a> <a href=\"http:\/\/osramic.edu.ba\/wp-content\/uploads\/2023\/03\/ODLUKA-PRIJEM-NEODREDJENO-SPREMACICA-a3-Matoruga-Edina-2022.pdf\" class=\"pdfemb-viewer\" style=\"width:300px;height:700px;\" data-width=\"300\" data-height=\"700\" data-toolbar=\"top\" data-toolbar-fixed=\"on\">ODLUKA-PRIJEM-NEODRE\u0110ENO- SPREMA\u010cICA \u2013 a3- Matoruga Edina- 2022<\/a> <a href=\"http:\/\/osramic.edu.ba\/wp-content\/uploads\/2023\/03\/ODLUKA-PRIJEM-ODREDJENO-INFORMATIKA-MUJKIC-SANELA-2022.pdf\" class=\"pdfemb-viewer\" style=\"width:300px;height:700px;\" data-width=\"300\" data-height=\"700\" data-toolbar=\"top\" data-toolbar-fixed=\"on\">ODLUKA-PRIJEM-ODRE\u0110ENO- INFORMATIKA-MUJKI\u0106 SANELA- 2022<\/a> <a href=\"http:\/\/osramic.edu.ba\/wp-content\/uploads\/2023\/03\/ODLUKA-SLUCAJ-BOLESTI-HALILOVIC-ISMIR.pdf\" class=\"pdfemb-viewer\" style=\"width:300px;height:700px;\" data-width=\"300\" data-height=\"700\" data-toolbar=\"top\" data-toolbar-fixed=\"on\">ODLUKA-SLU\u010cAJ BOLESTI- HALILOVI\u0106 ISMIR<\/a> <a href=\"http:\/\/osramic.edu.ba\/wp-content\/uploads\/2023\/03\/ODLUKA-SLUCAJ-BOLESTI-KLJAJIC-EDIN.pdf\" class=\"pdfemb-viewer\" style=\"width:300px;height:700px;\" data-width=\"300\" data-height=\"700\" data-toolbar=\"top\" data-toolbar-fixed=\"on\">ODLUKA-SLU\u010cAJ BOLESTI- KLJAJI\u0106 EDIN<\/a> <a href=\"http:\/\/osramic.edu.ba\/wp-content\/uploads\/2023\/03\/ODLUKA-SLUCAJ-SMRTI-OCA-MODRIC-ALMIRE.pdf\" class=\"pdfemb-viewer\" style=\"width:300px;height:700px;\" data-width=\"300\" data-height=\"700\" data-toolbar=\"top\" data-toolbar-fixed=\"on\">ODLUKA-SLU\u010cAJ SMRTI- OCA MODRI\u0106 ALMIRE<\/a> <a href=\"http:\/\/osramic.edu.ba\/wp-content\/uploads\/2023\/03\/PRELIMINARNA-ODLUKA-INFORMATIKA-KADRIC-JUSO-2022.pdf\" class=\"pdfemb-viewer\" style=\"width:300px;height:700px;\" data-width=\"300\" data-height=\"700\" data-toolbar=\"top\" data-toolbar-fixed=\"on\">PRELIMINARNA ODLUKA- INFORMATIKA- KADRI\u0106 JUSO- 2022<\/a> <a href=\"http:\/\/osramic.edu.ba\/wp-content\/uploads\/2023\/03\/PRELIMINARNA-ODLUKA-INFORMATIKA-LISKA-DZENAN-2022.pdf\" class=\"pdfemb-viewer\" style=\"width:300px;height:700px;\" data-width=\"300\" data-height=\"700\" data-toolbar=\"top\" data-toolbar-fixed=\"on\">PRELIMINARNA ODLUKA- INFORMATIKA- LISKA D\u017dENAN- 2022<\/a> <a href=\"http:\/\/osramic.edu.ba\/wp-content\/uploads\/2023\/03\/PRELIMINARNA-ODLUKA-INFORMATIKA-ZINETA-MUJAK-KOVAC-2022.pdf\" class=\"pdfemb-viewer\" style=\"width:300px;height:700px;\" data-width=\"300\" data-height=\"700\" data-toolbar=\"top\" data-toolbar-fixed=\"on\">PRELIMINARNA ODLUKA- INFORMATIKA- ZINETA MUJAK KOVA\u010c- 2022<\/a> <a href=\"http:\/\/osramic.edu.ba\/wp-content\/uploads\/2023\/03\/PRELIMINARNA-ODLUKA-INFORMATIKA.pdf\" class=\"pdfemb-viewer\" style=\"width:300px;height:700px;\" data-width=\"300\" data-height=\"700\" data-toolbar=\"top\" data-toolbar-fixed=\"on\">PRELIMINARNA ODLUKA- INFORMATIKA<\/a> <a href=\"http:\/\/osramic.edu.ba\/wp-content\/uploads\/2023\/03\/PRELIMINARNA-ODLUKA-INFORMATIKA-2022.pdf\" class=\"pdfemb-viewer\" style=\"width:300px;height:700px;\" data-width=\"300\" data-height=\"700\" data-toolbar=\"top\" data-toolbar-fixed=\"on\">PRELIMINARNA ODLUKA- INFORMATIKA-2022<\/a> <a href=\"http:\/\/osramic.edu.ba\/wp-content\/uploads\/2023\/03\/PRELIMINARNA-ODLUKA-INFORMATIKA-BAZDAR-ILDA-2022.pdf\" class=\"pdfemb-viewer\" style=\"width:300px;height:700px;\" data-width=\"300\" data-height=\"700\" data-toolbar=\"top\" data-toolbar-fixed=\"on\">PRELIMINARNA ODLUKA- INFORMATIKA-BA\u017dDAR ILDA- 2022<\/a> <a href=\"http:\/\/osramic.edu.ba\/wp-content\/uploads\/2023\/03\/PRELIMINARNA-ODLUKA-INFORMATIKA-MUJKIC-SANELA-2022.pdf\" class=\"pdfemb-viewer\" style=\"width:300px;height:700px;\" data-width=\"300\" data-height=\"700\" data-toolbar=\"top\" data-toolbar-fixed=\"on\">PRELIMINARNA ODLUKA- INFORMATIKA-MUJKI\u0106 SANELA- 2022<\/a> <a href=\"http:\/\/osramic.edu.ba\/wp-content\/uploads\/2023\/03\/PRELIMINARNA-ODLUKA-KULTURA-ZIVLJENJA-BUTMIR-NIHADA-2022.pdf\" class=\"pdfemb-viewer\" style=\"width:300px;height:700px;\" data-width=\"300\" data-height=\"700\" data-toolbar=\"top\" data-toolbar-fixed=\"on\">PRELIMINARNA ODLUKA- KULTURA \u017dIVLJENJA- BUTMIR NIHADA-2022<\/a> <a href=\"http:\/\/osramic.edu.ba\/wp-content\/uploads\/2023\/03\/PRELIMINARNA-ODLUKA-KULTURA-ZIVLJENJA-2022.pdf\" class=\"pdfemb-viewer\" style=\"width:300px;height:700px;\" data-width=\"300\" data-height=\"700\" data-toolbar=\"top\" data-toolbar-fixed=\"on\">PRELIMINARNA ODLUKA- KULTURA \u017dIVLJENJA-2022<\/a> <a href=\"http:\/\/osramic.edu.ba\/wp-content\/uploads\/2023\/03\/PRELIMINARNA-ODLUKA-LIKOVNA-KULTURA-2022.pdf\" class=\"pdfemb-viewer\" style=\"width:300px;height:700px;\" data-width=\"300\" data-height=\"700\" data-toolbar=\"top\" data-toolbar-fixed=\"on\">PRELIMINARNA ODLUKA- LIKOVNA KULTURA-2022<\/a> <a href=\"http:\/\/osramic.edu.ba\/wp-content\/uploads\/2023\/03\/PRELIMINARNA-ODLUKA-MATEMATIKA.pdf\" class=\"pdfemb-viewer\" style=\"width:300px;height:700px;\" data-width=\"300\" data-height=\"700\" data-toolbar=\"top\" data-toolbar-fixed=\"on\">PRELIMINARNA ODLUKA- MATEMATIKA<\/a> <a href=\"http:\/\/osramic.edu.ba\/wp-content\/uploads\/2023\/03\/PRELIMINARNA-ODLUKA-MATEMATIKA-2022.pdf\" class=\"pdfemb-viewer\" style=\"width:300px;height:700px;\" data-width=\"300\" data-height=\"700\" data-toolbar=\"top\" data-toolbar-fixed=\"on\">PRELIMINARNA ODLUKA- MATEMATIKA-2022<\/a> <a href=\"http:\/\/osramic.edu.ba\/wp-content\/uploads\/2023\/03\/PRELIMINARNA-ODLUKA-OSNOVE-TEHNIKE-BOLIC-DRAMALIJA-NIRMELA-2022.pdf\" class=\"pdfemb-viewer\" style=\"width:300px;height:700px;\" data-width=\"300\" data-height=\"700\" data-toolbar=\"top\" data-toolbar-fixed=\"on\">PRELIMINARNA ODLUKA- OSNOVE TEHNIKE- BOLI\u0106-DRAMALIJA NIRMELA-2022<\/a> <a href=\"http:\/\/osramic.edu.ba\/wp-content\/uploads\/2023\/03\/PRELIMINARNA-ODLUKA-OSNOVE-TEHNIKE-KAVAZBASIC-LEJLA-2022.pdf\" class=\"pdfemb-viewer\" style=\"width:300px;height:700px;\" data-width=\"300\" data-height=\"700\" data-toolbar=\"top\" data-toolbar-fixed=\"on\">PRELIMINARNA ODLUKA- OSNOVE TEHNIKE- KAVAZBA\u0160I\u0106 LEJLA-2022<\/a> <a href=\"http:\/\/osramic.edu.ba\/wp-content\/uploads\/2023\/03\/PRELIMINARNA-ODLUKA-OSNOVE-TEHNIKE-2022.pdf\" class=\"pdfemb-viewer\" style=\"width:300px;height:700px;\" data-width=\"300\" data-height=\"700\" data-toolbar=\"top\" data-toolbar-fixed=\"on\">PRELIMINARNA ODLUKA- OSNOVE TEHNIKE-2022<\/a> <a href=\"http:\/\/osramic.edu.ba\/wp-content\/uploads\/2023\/03\/PRELIMINARNA-ODLUKA-PRAVOSLAVNA-VJERONAUKA.pdf\" class=\"pdfemb-viewer\" style=\"width:300px;height:700px;\" data-width=\"300\" data-height=\"700\" data-toolbar=\"top\" data-toolbar-fixed=\"on\">PRELIMINARNA ODLUKA- PRAVOSLAVNA VJERONAUKA<\/a> <a href=\"http:\/\/osramic.edu.ba\/wp-content\/uploads\/2023\/03\/PRELIMINARNA-ODLUKA-PSIHOLOG-CVJETKOVIC-ENA-2022.pdf\" class=\"pdfemb-viewer\" style=\"width:300px;height:700px;\" data-width=\"300\" data-height=\"700\" data-toolbar=\"top\" data-toolbar-fixed=\"on\">PRELIMINARNA ODLUKA- PSIHOLOG- CVJETKOVI\u0106 ENA- 2022<\/a> <a href=\"http:\/\/osramic.edu.ba\/wp-content\/uploads\/2023\/03\/PRELIMINARNA-ODLUKA-PSIHOLOG-HABIBOVIC-HALIDA-2022.pdf\" class=\"pdfemb-viewer\" style=\"width:300px;height:700px;\" data-width=\"300\" data-height=\"700\" data-toolbar=\"top\" data-toolbar-fixed=\"on\">PRELIMINARNA ODLUKA- PSIHOLOG- HABIBOVI\u0106 HALIDA- 2022<\/a> <a href=\"http:\/\/osramic.edu.ba\/wp-content\/uploads\/2023\/03\/PRELIMINARNA-ODLUKA-PSIHOLOG-IVAZOVIC-AZRA-2022.pdf\" class=\"pdfemb-viewer\" style=\"width:300px;height:700px;\" data-width=\"300\" data-height=\"700\" data-toolbar=\"top\" data-toolbar-fixed=\"on\">PRELIMINARNA ODLUKA- PSIHOLOG- IVAZOVI\u0106 AZRA- 2022<\/a> <a href=\"http:\/\/osramic.edu.ba\/wp-content\/uploads\/2023\/03\/PRELIMINARNA-ODLUKA-PSIHOLOG-KADRIC-ADNA-2022.pdf\" class=\"pdfemb-viewer\" style=\"width:300px;height:700px;\" data-width=\"300\" data-height=\"700\" data-toolbar=\"top\" data-toolbar-fixed=\"on\">PRELIMINARNA ODLUKA- PSIHOLOG- KADRI\u0106 ADNA- 2022<\/a> <a href=\"http:\/\/osramic.edu.ba\/wp-content\/uploads\/2023\/03\/PRELIMINARNA-ODLUKA-PSIHOLOG-KUCANIN-EDINA-2022.pdf\" class=\"pdfemb-viewer\" style=\"width:300px;height:700px;\" data-width=\"300\" data-height=\"700\" data-toolbar=\"top\" data-toolbar-fixed=\"on\">PRELIMINARNA ODLUKA- PSIHOLOG- KU\u0106ANIN EDINA- 2022<\/a> <a href=\"http:\/\/osramic.edu.ba\/wp-content\/uploads\/2023\/03\/PRELIMINARNA-ODLUKA-PSIHOLOG-KULO-SELMA-2022.pdf\" class=\"pdfemb-viewer\" style=\"width:300px;height:700px;\" data-width=\"300\" data-height=\"700\" data-toolbar=\"top\" data-toolbar-fixed=\"on\">PRELIMINARNA ODLUKA- PSIHOLOG- KULO SELMA- 2022<\/a> <a href=\"http:\/\/osramic.edu.ba\/wp-content\/uploads\/2023\/03\/PRELIMINARNA-ODLUKA-PSIHOLOG-MAJHER-BILJANA-2022.pdf\" class=\"pdfemb-viewer\" style=\"width:300px;height:700px;\" data-width=\"300\" data-height=\"700\" data-toolbar=\"top\" data-toolbar-fixed=\"on\">PRELIMINARNA ODLUKA- PSIHOLOG- MAJHER BILJANA- 2022<\/a> <a href=\"http:\/\/osramic.edu.ba\/wp-content\/uploads\/2023\/03\/PRELIMINARNA-ODLUKA-PSIHOLOG-2022.pdf\" class=\"pdfemb-viewer\" style=\"width:300px;height:700px;\" data-width=\"300\" data-height=\"700\" data-toolbar=\"top\" data-toolbar-fixed=\"on\">PRELIMINARNA ODLUKA- PSIHOLOG-2022<\/a> <a href=\"http:\/\/osramic.edu.ba\/wp-content\/uploads\/2023\/03\/PRELIMINARNA-ODLUKA-RAZREDNA-NASTAVA-HADROVIC-SELMA-2022.pdf\" class=\"pdfemb-viewer\" style=\"width:300px;height:700px;\" data-width=\"300\" data-height=\"700\" data-toolbar=\"top\" data-toolbar-fixed=\"on\">PRELIMINARNA ODLUKA- RAZREDNA NASTAVA- HADROVI\u0106 SELMA-2022<\/a> <a href=\"http:\/\/osramic.edu.ba\/wp-content\/uploads\/2023\/03\/PRELIMINARNA-ODLUKA-RAZREDNA-NASTAVA-HASECIC-ALISA-2022.pdf\" class=\"pdfemb-viewer\" style=\"width:300px;height:700px;\" data-width=\"300\" data-height=\"700\" data-toolbar=\"top\" data-toolbar-fixed=\"on\">PRELIMINARNA ODLUKA- RAZREDNA NASTAVA- HASE\u010cI\u0106 ALISA-2022<\/a> <a href=\"http:\/\/osramic.edu.ba\/wp-content\/uploads\/2023\/03\/PRELIMINARNA-ODLUKA-SPREMAC-Korman-Hajrudin.pdf\" class=\"pdfemb-viewer\" style=\"width:300px;height:700px;\" data-width=\"300\" data-height=\"700\" data-toolbar=\"top\" data-toolbar-fixed=\"on\">PRELIMINARNA ODLUKA- SPREMA\u010c \u2013 Korman Hajrudin<\/a> <a href=\"http:\/\/osramic.edu.ba\/wp-content\/uploads\/2023\/03\/PRELIMINARNA-ODLUKA-SPREMAC-Vatres-Jasmina.pdf\" class=\"pdfemb-viewer\" style=\"width:300px;height:700px;\" data-width=\"300\" data-height=\"700\" data-toolbar=\"top\" data-toolbar-fixed=\"on\">PRELIMINARNA ODLUKA- SPREMA\u010c \u2013 Vatre\u0161 Jasmina<\/a> <a href=\"http:\/\/osramic.edu.ba\/wp-content\/uploads\/2023\/03\/PRELIMINARNA-ODLUKA-SPREMACICA-a3-2022.pdf\" class=\"pdfemb-viewer\" style=\"width:300px;height:700px;\" data-width=\"300\" data-height=\"700\" data-toolbar=\"top\" data-toolbar-fixed=\"on\">PRELIMINARNA ODLUKA- SPREMA\u010cICA \u2013 a3-2022<\/a> <a href=\"http:\/\/osramic.edu.ba\/wp-content\/uploads\/2023\/03\/PRELIMINARNA-ODLUKA-SPREMACICA-a4-HASKOVIC-SABAHETA-2022.pdf\" class=\"pdfemb-viewer\" style=\"width:300px;height:700px;\" data-width=\"300\" data-height=\"700\" data-toolbar=\"top\" data-toolbar-fixed=\"on\">PRELIMINARNA ODLUKA- SPREMA\u010cICA \u2013 a4- HASKOVI\u0106 SABAHETA- 2022<\/a> <a href=\"http:\/\/osramic.edu.ba\/wp-content\/uploads\/2023\/03\/PRELIMINARNA-ODLUKA-SPREMACICA-a4-RIZVO-DZEVADA-2022-kopija.pdf\" class=\"pdfemb-viewer\" style=\"width:300px;height:700px;\" data-width=\"300\" data-height=\"700\" data-toolbar=\"top\" data-toolbar-fixed=\"on\">PRELIMINARNA ODLUKA- SPREMA\u010cICA \u2013 a4- RIZVO D\u017dEVADA- 2022 \u2013 kopija<\/a> <a href=\"http:\/\/osramic.edu.ba\/wp-content\/uploads\/2023\/03\/PRELIMINARNA-ODLUKA-SPREMACICA-a4-RIZVO-DZEVADA-2022.pdf\" class=\"pdfemb-viewer\" style=\"width:300px;height:700px;\" data-width=\"300\" data-height=\"700\" data-toolbar=\"top\" data-toolbar-fixed=\"on\">PRELIMINARNA ODLUKA- SPREMA\u010cICA \u2013 a4- RIZVO D\u017dEVADA- 2022<\/a> <a href=\"http:\/\/osramic.edu.ba\/wp-content\/uploads\/2023\/03\/PRELIMINARNA-ODLUKA-SPREMACICA-a4-SABIC-SANELA-2022.pdf\" class=\"pdfemb-viewer\" style=\"width:300px;height:700px;\" data-width=\"300\" data-height=\"700\" data-toolbar=\"top\" data-toolbar-fixed=\"on\">PRELIMINARNA ODLUKA- SPREMA\u010cICA \u2013 a4- \u0160ABI\u0106 SANELA- 2022<\/a> <a href=\"http:\/\/osramic.edu.ba\/wp-content\/uploads\/2023\/03\/PRELIMINARNA-ODLUKA-SPREMACICA-a4-2022.pdf\" class=\"pdfemb-viewer\" style=\"width:300px;height:700px;\" data-width=\"300\" data-height=\"700\" data-toolbar=\"top\" data-toolbar-fixed=\"on\">PRELIMINARNA ODLUKA- SPREMA\u010cICA \u2013 a4-2022<\/a> <a href=\"http:\/\/osramic.edu.ba\/wp-content\/uploads\/2023\/03\/PRELIMINARNA-ODLUKA-SPREMACICA-Ivkovic-Gordana.pdf\" class=\"pdfemb-viewer\" style=\"width:300px;height:700px;\" data-width=\"300\" data-height=\"700\" data-toolbar=\"top\" data-toolbar-fixed=\"on\">PRELIMINARNA ODLUKA- SPREMA\u010cICA \u2013 Ivkovi\u0107 Gordana<\/a> <a href=\"http:\/\/osramic.edu.ba\/wp-content\/uploads\/2023\/03\/PRELIMINARNA-ODLUKA-SPREMACICA-Jasarevic-Indira.pdf\" class=\"pdfemb-viewer\" style=\"width:300px;height:700px;\" data-width=\"300\" data-height=\"700\" data-toolbar=\"top\" data-toolbar-fixed=\"on\">PRELIMINARNA ODLUKA- SPREMA\u010cICA \u2013 Ja\u0161arevi\u0107 Indira<\/a> <a href=\"http:\/\/osramic.edu.ba\/wp-content\/uploads\/2023\/03\/PRELIMINARNA-ODLUKA-TEHNICKA-KULTURA-AJANOVIC-OSMAN-2022.pdf\" class=\"pdfemb-viewer\" style=\"width:300px;height:700px;\" data-width=\"300\" data-height=\"700\" data-toolbar=\"top\" data-toolbar-fixed=\"on\">PRELIMINARNA ODLUKA- TEHNI\u010cKA KULTURA- AJANOVI\u0106 OSMAN-2022<\/a> <a href=\"http:\/\/osramic.edu.ba\/wp-content\/uploads\/2023\/03\/PRELIMINARNA-ODLUKA-TEHNICKA-KULTURA-BOLIC-DRAMALIJA-NIRMELA-2022.pdf\" class=\"pdfemb-viewer\" style=\"width:300px;height:700px;\" data-width=\"300\" data-height=\"700\" data-toolbar=\"top\" data-toolbar-fixed=\"on\">PRELIMINARNA ODLUKA- TEHNI\u010cKA KULTURA- BOLI\u0106 -DRAMALIJA NIRMELA-2022<\/a> <a href=\"http:\/\/osramic.edu.ba\/wp-content\/uploads\/2023\/03\/PRELIMINARNA-ODLUKA-TEHNICKA-KULTURA-KAVAZBASIC-LEJLA-2022.pdf\" class=\"pdfemb-viewer\" style=\"width:300px;height:700px;\" data-width=\"300\" data-height=\"700\" data-toolbar=\"top\" data-toolbar-fixed=\"on\">PRELIMINARNA ODLUKA- TEHNI\u010cKA KULTURA- KAVAZBA\u0160I\u0106 LEJLA-2022<\/a> <a href=\"http:\/\/osramic.edu.ba\/wp-content\/uploads\/2023\/03\/PRELIMINARNA-ODLUKA-TEHNICKA-KULTURA.pdf\" class=\"pdfemb-viewer\" style=\"width:300px;height:700px;\" data-width=\"300\" data-height=\"700\" data-toolbar=\"top\" data-toolbar-fixed=\"on\">PRELIMINARNA ODLUKA- TEHNI\u010cKA KULTURA<\/a> <a href=\"http:\/\/osramic.edu.ba\/wp-content\/uploads\/2023\/03\/PRELIMINARNA-ODLUKA-TEHNICKA-KULTURA-2022.pdf\" class=\"pdfemb-viewer\" style=\"width:300px;height:700px;\" data-width=\"300\" data-height=\"700\" data-toolbar=\"top\" data-toolbar-fixed=\"on\">PRELIMINARNA ODLUKA- TEHNI\u010cKA KULTURA-2022<\/a> <a href=\"http:\/\/osramic.edu.ba\/wp-content\/uploads\/2023\/03\/PRELIMINARNA-ODLUKA-ENGLESKI-JEZIK-2022.pdf\" class=\"pdfemb-viewer\" style=\"width:300px;height:700px;\" data-width=\"300\" data-height=\"700\" data-toolbar=\"top\" data-toolbar-fixed=\"on\">PRELIMINARNA ODLUKA-ENGLESKI JEZIK -2022<\/a> <a href=\"http:\/\/osramic.edu.ba\/wp-content\/uploads\/2023\/03\/UGOVOR-NA-ODREDJENO-VRIJEME-MUSTAFIC-NAZA-2022.pdf\" class=\"pdfemb-viewer\" style=\"width:300px;height:700px;\" data-width=\"300\" data-height=\"700\" data-toolbar=\"top\" data-toolbar-fixed=\"on\">UGOVOR NA ODRE\u0110ENO VRIJEME- MUSTAFI\u0106 NAZA \u2013 2022<\/a> <a href=\"http:\/\/osramic.edu.ba\/wp-content\/uploads\/2023\/03\/UGOVOR-NA-ODREDJENO-VRIJEME-NAHIC-SEJLA-2022.pdf\" class=\"pdfemb-viewer\" style=\"width:300px;height:700px;\" data-width=\"300\" data-height=\"700\" data-toolbar=\"top\" data-toolbar-fixed=\"on\">UGOVOR NA ODRE\u0110ENO VRIJEME- NAHI\u0106 \u0160EJLA \u2013 2022<\/a> <a href=\"http:\/\/osramic.edu.ba\/wp-content\/uploads\/2023\/03\/ZAPISNIK-O-PREUZIMANJU-UDZBENIKA-august-2022.pdf\" class=\"pdfemb-viewer\" style=\"width:300px;height:700px;\" data-width=\"300\" data-height=\"700\" data-toolbar=\"top\" data-toolbar-fixed=\"on\">ZAPISNIK O PREUZIMANJU UD\u017dBENIKA \u2013 august 2022<\/a><\/p>\n","protected":false},"excerpt":{"rendered":"","protected":false},"author":1,"featured_media":0,"parent":0,"menu_order":0,"comment_status":"closed","ping_status":"closed","template":"","meta":{"footnotes":""},"class_list":["post-5487","page","type-page","status-publish","hentry"],"_links":{"self":[{"href":"http:\/\/osramic.edu.ba\/index.php?rest_route=\/wp\/v2\/pages\/5487","targetHints":{"allow":["GET"]}}],"collection":[{"href":"http:\/\/osramic.edu.ba\/index.php?rest_route=\/wp\/v2\/pages"}],"about":[{"href":"http:\/\/osramic.edu.ba\/index.php?rest_route=\/wp\/v2\/types\/page"}],"author":[{"embeddable":true,"href":"http:\/\/osramic.edu.ba\/index.php?rest_route=\/wp\/v2\/users\/1"}],"replies":[{"embeddable":true,"href":"http:\/\/osramic.edu.ba\/index.php?rest_route=%2Fwp%2Fv2%2Fcomments&post=5487"}],"version-history":[{"count":3,"href":"http:\/\/osramic.edu.ba\/index.php?rest_route=\/wp\/v2\/pages\/5487\/revisions"}],"predecessor-version":[{"id":5561,"href":"http:\/\/osramic.edu.ba\/index.php?rest_route=\/wp\/v2\/pages\/5487\/revisions\/5561"}],"wp:attachment":[{"href":"http:\/\/osramic.edu.ba\/index.php?rest_route=%2Fwp%2Fv2%2Fmedia&parent=5487"}],"curies":[{"name":"wp","href":"https:\/\/api.w.org\/{rel}","templated":true}]}}