{"id":6207,"date":"2023-09-18T11:17:48","date_gmt":"2023-09-18T10:17:48","guid":{"rendered":"http:\/\/osramic.edu.ba\/?page_id=6207"},"modified":"2023-09-18T11:17:48","modified_gmt":"2023-09-18T10:17:48","slug":"misija-i-vizija-nase-skole","status":"publish","type":"page","link":"http:\/\/osramic.edu.ba\/?page_id=6207","title":{"rendered":"Misija i vizija na\u0161e \u0161kole"},"content":{"rendered":"\n<p>-U\u010denik na prvom mjestu.<\/p>\n\n\n\n<p>-Podizanje kvaliteta i efikasnosti nastave.<\/p>\n\n\n\n<p>-Nastava bazirana na principima aktivnog u\u010denja i ishoda u\u010denja.<\/p>\n\n\n\n<p>-Usmjerenost na odgoj i obrazovanje djece prilago\u0111en individualnim mogu\u0107nostima.<\/p>\n\n\n\n<p>-Razvijanje svijesti o pravima i odgovornostima svih sudionika odgojno-obrazovnog procesa.<\/p>\n\n\n\n<p>-Transparentnost u radu.<\/p>\n\n\n\n<p>-Aktivna saradnja sa Vije\u0107em roditelja i Vije\u0107em u\u010denika.<\/p>\n\n\n\n<p>-Kontinuiran rad na razvoju \u0161kole kroz projekte stru\u010dnih timova uposlenika i roditelja.<\/p>\n\n\n\n<p>-Razvijanje pozitivne radne atmosfere pri kori\u0161tenju inovativnih pristupa rada i razvoja.<\/p>\n\n\n\n<p>-Optimizacija sigurnosti u\u010denika.<\/p>\n\n\n\n<p>-\u0160kola koja je otvorena za nove ideje, prijedloge i radi na pobolj\u0161anju. <\/p>\n\n\n\n<p>-Cjelo\u017eivotno u\u010denje i napredovanje.<\/p>\n\n\n\n<p>-\u0160kola koja je otvorena za svu djecu pru\u017eaju\u0107i im jednaka prava u obrazovanju i odgoju.<\/p>\n\n\n\n<p><\/p>\n","protected":false},"excerpt":{"rendered":"<p>-U\u010denik na prvom mjestu. -Podizanje kvaliteta i efikasnosti nastave. -Nastava bazirana na principima aktivnog u\u010denja i ishoda u\u010denja. -Usmjerenost na odgoj i obrazovanje djece prilago\u0111en individualnim mogu\u0107nostima. -Razvijanje svijesti o pravima i odgovornostima svih sudionika odgojno-obrazovnog procesa. -Transparentnost u radu. -Aktivna saradnja sa Vije\u0107em roditelja i Vije\u0107em u\u010denika. -Kontinuiran rad na razvoju \u0161kole kroz projekte&#8230;<\/p>\n","protected":false},"author":1,"featured_media":0,"parent":0,"menu_order":0,"comment_status":"closed","ping_status":"closed","template":"","meta":{"footnotes":""},"class_list":["post-6207","page","type-page","status-publish","hentry"],"_links":{"self":[{"href":"http:\/\/osramic.edu.ba\/index.php?rest_route=\/wp\/v2\/pages\/6207","targetHints":{"allow":["GET"]}}],"collection":[{"href":"http:\/\/osramic.edu.ba\/index.php?rest_route=\/wp\/v2\/pages"}],"about":[{"href":"http:\/\/osramic.edu.ba\/index.php?rest_route=\/wp\/v2\/types\/page"}],"author":[{"embeddable":true,"href":"http:\/\/osramic.edu.ba\/index.php?rest_route=\/wp\/v2\/users\/1"}],"replies":[{"embeddable":true,"href":"http:\/\/osramic.edu.ba\/index.php?rest_route=%2Fwp%2Fv2%2Fcomments&post=6207"}],"version-history":[{"count":1,"href":"http:\/\/osramic.edu.ba\/index.php?rest_route=\/wp\/v2\/pages\/6207\/revisions"}],"predecessor-version":[{"id":6211,"href":"http:\/\/osramic.edu.ba\/index.php?rest_route=\/wp\/v2\/pages\/6207\/revisions\/6211"}],"wp:attachment":[{"href":"http:\/\/osramic.edu.ba\/index.php?rest_route=%2Fwp%2Fv2%2Fmedia&parent=6207"}],"curies":[{"name":"wp","href":"https:\/\/api.w.org\/{rel}","templated":true}]}}