{"id":77,"date":"2016-11-05T23:05:28","date_gmt":"2016-11-05T22:05:28","guid":{"rendered":"http:\/\/osramic.edu.ba\/?page_id=77"},"modified":"2026-03-26T19:07:31","modified_gmt":"2026-03-26T18:07:31","slug":"uposlenici-skole","status":"publish","type":"page","link":"http:\/\/osramic.edu.ba\/?page_id=77","title":{"rendered":"Uposlenici \u0161kole"},"content":{"rendered":"<p><strong>Direktor- <\/strong>Aida Kari\u0107<\/p>\r\n<p><strong>Pedagog- <\/strong>Nizama Rov\u010danin<\/p>\r\n<p><strong>Psiholog- <\/strong>Nejra \u0160krgi\u0107<\/p>\r\n<p><strong>Sekretar-<\/strong>Memsuda D\u017eindo<\/p>\r\n<p><strong>Samostalni referent-<\/strong>Enisa Hasanovi\u0107<\/p>\r\n<p><strong>Bibliotekar-\u00a0<\/strong>Sanela Dervi\u0161begovi\u0107<\/p>\r\n<p><strong>Nastavnici:<\/strong><\/p>\r\n<h4><strong>Razredna nastava<\/strong><\/h4>\r\n<p>Jasminka Halilovi\u0107<\/p>\r\n<p>Lejla Omeragi\u0107<\/p>\r\n<p>Amra Razman<\/p>\r\n<p>Zenaida Mujezin<\/p>\r\n<p>Mirela Poljo<\/p>\r\n<p>Murisa Hr\u0161umovi\u0107<\/p>\r\n<p>Sadeta Zimi\u0107<\/p>\r\n<p>Selma Hadrovi\u0107\u00a0<\/p>\r\n<p>Sadeta Kurtovi\u0107<\/p>\r\n<p>Sadmila Bibi\u0107<\/p>\r\n<p>&nbsp;<\/p>\r\n<h4><strong>Predmetan nastava<\/strong><\/h4>\r\n<table>\r\n<tbody>\r\n<tr>\r\n<td width=\"126\"><strong>Prezime i ime<\/strong><\/td>\r\n<td width=\"215\"><strong>Predmet koji predaje<\/strong><\/td>\r\n<\/tr>\r\n<tr>\r\n<td width=\"126\">Sanela Lika-\u0110erzi\u0107\r\n<p>&nbsp;<\/p>\r\n<p>Irma Hod\u017ei\u0107-Kapo<\/p>\r\n<p>&nbsp;<\/p>\r\n<\/td>\r\n<td width=\"215\">Bosanski jezik i knji\u017eevnost, Hrvatski jezik i knji\u017eevnost, Srpski jezik i knji\u017eevnost<br \/>\r\n<p>Bosanski jezik i knji\u017eevnost, Hrvatski jezik i knji\u017eevnost, Srpski jezik i knji\u017eevnost<\/p>\r\n<\/td>\r\n<\/tr>\r\n<tr>\r\n<td width=\"126\">Almira Modri\u0107<\/td>\r\n<td width=\"215\">Engleski jezik<\/td>\r\n<\/tr>\r\n<tr>\r\n<td width=\"126\">\r\n<p>Lejla Muhi\u0107<\/p>\r\n<p>Elvedina Nuriki\u0107<\/p>\r\n<\/td>\r\n<td width=\"215\">\r\n<p>Engleski jezik<\/p>\r\n<p>Engleski jezik<\/p>\r\n<\/td>\r\n<\/tr>\r\n<tr>\r\n<td width=\"126\">Mirela Suljagi\u0107-Omerhod\u017ei\u0107\r\n<p>&nbsp;<\/p>\r\n<\/td>\r\n<td width=\"215\">\r\n<p>Njema\u010dki jezik<\/p>\r\n<p>&nbsp;<\/p>\r\n<\/td>\r\n<\/tr>\r\n<tr>\r\n<td width=\"126\">Anisa Fati\u0107<\/td>\r\n<td width=\"215\">Historija<\/td>\r\n<\/tr>\r\n<tr>\r\n<td width=\"126\">\u0160emso Pa\u010dariz<\/td>\r\n<td width=\"215\">Geografija<\/td>\r\n<\/tr>\r\n<tr>\r\n<td width=\"126\">Jasmina Smajlovi\u0107<br \/>\r\n<p>&nbsp;<\/p>\r\n<p>Harisa Salamovi\u0107<\/p>\r\n<\/td>\r\n<td width=\"215\">Matematika\r\n<p>&nbsp;<\/p>\r\n<p>Matematika<\/p>\r\n<\/td>\r\n<\/tr>\r\n<tr>\r\n<td width=\"126\">\r\n<p>Leana Omerovi\u0107<\/p>\r\n<p>Evelina \u0160e\u0107erovi\u0107<\/p>\r\n<\/td>\r\n<td width=\"215\">\r\n<p>Biologija, Hemija<\/p>\r\n<p>Hemija<\/p>\r\n<\/td>\r\n<\/tr>\r\n<tr>\r\n<td width=\"126\">Sena Gabelji\u0107 Ali\u0107<\/td>\r\n<td width=\"215\">\u00a0Fizika<\/td>\r\n<\/tr>\r\n<tr>\r\n<td width=\"126\">\r\n<p>Nirmela D.Boli\u0107<\/p>\r\n<p>&nbsp;<\/p>\r\n<p>Nihada Butmir<\/p>\r\n<\/td>\r\n<td width=\"215\">\r\n<p>Osnovi tehnike, Tehni\u010dka kultura<\/p>\r\n<p>&nbsp;<\/p>\r\n<p>Kultura \u017eivljenja<\/p>\r\n<\/td>\r\n<\/tr>\r\n<tr>\r\n<td width=\"126\">Sanela M.Husi\u0107<\/td>\r\n<td width=\"215\">Informatika<\/td>\r\n<\/tr>\r\n<tr>\r\n<td width=\"126\">Beba Hidi\u0107<\/td>\r\n<td width=\"215\">Muzi\u010dka kultura<\/td>\r\n<\/tr>\r\n<tr>\r\n<td width=\"126\">\r\n<p>Edin Gabela<\/p>\r\n<\/td>\r\n<td width=\"215\">Likovna kultura<\/td>\r\n<\/tr>\r\n<tr>\r\n<td width=\"126\">\r\n<p>Jasmin \u017digi\u0107<\/p>\r\n<\/td>\r\n<td width=\"215\">\r\n<p>Tjelesni i zdravstveni odgoj<\/p>\r\n<p>&nbsp;<\/p>\r\n<\/td>\r\n<\/tr>\r\n<tr>\r\n<td width=\"126\">Mediha Deli\u0107-Lila\r\n<p>Dejan Nedi\u0107<\/p>\r\n<\/td>\r\n<td width=\"215\">Islamska vjeronauka\r\n<p>&nbsp;<\/p>\r\n<p>Pravoslavna vjeronauka<\/p>\r\n<\/td>\r\n<\/tr>\r\n<tr>\r\n<td width=\"126\">Ku\u0107anovi\u0107 \u0110ulka<\/td>\r\n<td width=\"215\">\u00a0DKR, Gra\u0111ansko obrazovanje<\/td>\r\n<\/tr>\r\n<\/tbody>\r\n<\/table>\r\n\r\n<p><strong>Tehni\u010dko osoblje \u0161kole:<\/strong><\/p>\r\n<p>Adnan Suljagi\u0107\u00a0 \u00a0 \u00a0 \u00a0 \u00a0domar<\/p>\r\n<p>Muamer \u0106ebo\u00a0 \u00a0 \u00a0 \u00a0 \u00a0 \u00a0lo\u017ea\u010d<\/p>\r\n<p>Emina Husejnovi\u0107\u00a0 \u00a0radnica na odr\u017eavanju \u010disto\u0107e<\/p>\r\n<p>Hasan \u0160abi\u0107\u00a0 \u00a0 \u00a0 \u00a0 \u00a0 \u00a0 \u00a0 radnik na odr\u017eavanju \u010disto\u0107e<\/p>\r\n<p>Edina Matoruga\u00a0 \u00a0 \u00a0 radnica na odr\u017eavanju \u010disto\u0107e<\/p>\r\n<p>Sanela \u0160abi\u0107\u00a0 \u00a0 \u00a0 \u00a0 \u00a0 \u00a0 \u00a0 radnica na odr\u017eavanju \u010disto\u0107e<\/p>\r\n","protected":false},"excerpt":{"rendered":"<p>Direktor- Aida Kari\u0107 Pedagog- Nizama Rov\u010danin Psiholog- Nejra \u0160krgi\u0107 Sekretar-Memsuda D\u017eindo Samostalni referent-Enisa Hasanovi\u0107 Bibliotekar-\u00a0Sanela Dervi\u0161begovi\u0107 Nastavnici: Razredna nastava Jasminka Halilovi\u0107 Lejla Omeragi\u0107 Amra Razman Zenaida Mujezin Mirela Poljo Murisa Hr\u0161umovi\u0107 Sadeta Zimi\u0107 Selma Hadrovi\u0107\u00a0 Sadeta Kurtovi\u0107 Sadmila Bibi\u0107 &nbsp; Predmetan nastava Prezime i ime Predmet koji predaje Sanela Lika-\u0110erzi\u0107 &nbsp; Irma Hod\u017ei\u0107-Kapo &nbsp; Bosanski&#8230;<\/p>\n","protected":false},"author":1,"featured_media":0,"parent":0,"menu_order":0,"comment_status":"closed","ping_status":"closed","template":"","meta":{"footnotes":""},"class_list":["post-77","page","type-page","status-publish","hentry"],"_links":{"self":[{"href":"http:\/\/osramic.edu.ba\/index.php?rest_route=\/wp\/v2\/pages\/77","targetHints":{"allow":["GET"]}}],"collection":[{"href":"http:\/\/osramic.edu.ba\/index.php?rest_route=\/wp\/v2\/pages"}],"about":[{"href":"http:\/\/osramic.edu.ba\/index.php?rest_route=\/wp\/v2\/types\/page"}],"author":[{"embeddable":true,"href":"http:\/\/osramic.edu.ba\/index.php?rest_route=\/wp\/v2\/users\/1"}],"replies":[{"embeddable":true,"href":"http:\/\/osramic.edu.ba\/index.php?rest_route=%2Fwp%2Fv2%2Fcomments&post=77"}],"version-history":[{"count":27,"href":"http:\/\/osramic.edu.ba\/index.php?rest_route=\/wp\/v2\/pages\/77\/revisions"}],"predecessor-version":[{"id":8897,"href":"http:\/\/osramic.edu.ba\/index.php?rest_route=\/wp\/v2\/pages\/77\/revisions\/8897"}],"wp:attachment":[{"href":"http:\/\/osramic.edu.ba\/index.php?rest_route=%2Fwp%2Fv2%2Fmedia&parent=77"}],"curies":[{"name":"wp","href":"https:\/\/api.w.org\/{rel}","templated":true}]}}