{"id":8,"date":"2016-11-04T17:59:00","date_gmt":"2016-11-04T16:59:00","guid":{"rendered":"http:\/\/osramic.edu.ba\/?page_id=8"},"modified":"2023-09-29T22:36:56","modified_gmt":"2023-09-29T21:36:56","slug":"o-skoli","status":"publish","type":"page","link":"http:\/\/osramic.edu.ba\/?page_id=8","title":{"rendered":"O \u0161koli"},"content":{"rendered":"<p><span style=\"vertical-align: inherit;\"><span style=\"vertical-align: inherit;\">Ovu \u0161kolu formirala je Austro-Ugarska monarhija \u0161kolske 1914. godine i kao \u010detverorazredna \u0161kola radila je sve do II Svjetskog rata pa i u ratu sa manjim prekidima. <\/span><span style=\"vertical-align: inherit;\">Od 1945. do 1955. godine radila je kao \u0161estorazredna \u0161kola, a zatim \u0161kolske 1956\/1957. <\/span><span style=\"vertical-align: inherit;\">godine formirana je osmogodi\u0161nja \u0161kola, tako da je prva generacija zavr\u0161ila osmogodi\u0161nju \u0161kolu u Semizovcu, davne 1961.g. <\/span><span style=\"vertical-align: inherit;\">Od 1961. godine do 1992. godine radila je kao osmogodi\u0161nja sa podru\u010dnom \u010detverorazrednom \u0161kolom u mjestu Gora.<\/span><\/span><\/p>\n<p><span style=\"vertical-align: inherit;\"><span style=\"vertical-align: inherit;\">\u0160kola se od 1957. do 1967. godine zvala O.\u0160. <\/span><span style=\"vertical-align: inherit;\">\u201eIvo Lola Ribar\u201c, po revolucionaru iz II Svjetskog rata. <\/span><span style=\"vertical-align: inherit;\">Sljede\u0107e godine tj. <\/span><span style=\"vertical-align: inherit;\">1968. g. <\/span><span style=\"vertical-align: inherit;\">promijenila je naziv u O.\u0160. <\/span><span style=\"vertical-align: inherit;\">\u201eBra\u0107a Ribar\u201c.<\/span><\/span><\/p>\n<p><span style=\"vertical-align: inherit;\"><span style=\"vertical-align: inherit;\">U periodu 92. \u2013 95. godina objekat \u0161kole slu\u017eio je kao kasarna agresorskoj vojsci. <\/span><span style=\"vertical-align: inherit;\">Poslije reintegracije op\u0107ine Vogo\u0161\u0107a, po\u010detkom aprila 1996. godine, povratkom stanovni\u0161tva, organizovana je nastava za uzrast prvi-\u010detvrti razred, a ve\u0107 u septembru iste godine i za uzrast prvi \u2013 osmi razred pod nazivom O.\u0160. <\/span><span style=\"vertical-align: inherit;\">\u201eSemizovac\u201c, a na kraju \u0161kolske 1996\/1997. <\/span><span style=\"vertical-align: inherit;\">godine \u0161kola je dobila ime O\u0160 \u201ePorodice ef. <\/span><span style=\"vertical-align: inherit;\">Rami\u0107\u201c Semizovac. Danas se nastavni proces obavlja u dva objekta \u2013 centralnom u Semizovcu i objektu podru\u010dne \u0161kole u Gora.<\/span><\/span><\/p>\n<p><span style=\"vertical-align: inherit;\"><span style=\"vertical-align: inherit;\">Hasib ef. <\/span><span style=\"vertical-align: inherit;\">Rami\u0107, sin Sabitov, ro\u0111en 29. juna 1954. godine u naselju \u0160eher kod Kalesije.<\/span><\/span><br \/>\n<span style=\"vertical-align: inherit;\"><span style=\"vertical-align: inherit;\">Nakon zavr\u0161ene Gazi-Husrevbegove medrese, zavr\u0161io je i fakultet u Pri\u0161tini te postao profesor Arapske i turske knji\u017eevnosti, a od 1975. godine zapo\u010dinje svoj imamski rad u d\u017eematu Kula Grad kod Zvornika. <\/span><\/span><br \/>\n<span style=\"vertical-align: inherit;\"><span style=\"vertical-align: inherit;\">Na podru\u010dju IZ-e Sarajevo dolazi 1.oktobra 1985.godine u d\u017eemat Semizovac. <\/span><\/span><br \/>\n<span style=\"vertical-align: inherit;\"><span style=\"vertical-align: inherit;\">Ostao je sa svojom porodicom u d\u017eematu i pored prijetnji ubistvom, zatvaranjem u logor i zlostavljanjem do pogibije 1993. kada je zvjerski likvidiran sa svim \u010dlanovima porodice. <\/span><\/span><span style=\"vertical-align: inherit;\"><span style=\"vertical-align: inherit;\">Efendiju Hasiba, njegovu suprugu \u0160efiku i \u010detvero djece: Muhameda (13 god.), Melihu (10 god.), Ahmeda (4 god.) i Aminu koja je imala samo tri mjeseca agresorska vojska je mu\u010dki ubila. <\/span><span style=\"vertical-align: inherit;\">U oktobru 1996. godine u blatu rijeke Ljubine prona\u0111ena je cucla male Amine, \u0161to je bio dokaz da se na tom terenu kriju posmrtni ostaci, te je izvr\u0161ena ekshumacija tijela.<\/span><\/span><\/p>\n<p>&nbsp;<\/p>\n","protected":false},"excerpt":{"rendered":"<p>Ovu \u0161kolu formirala je Austro-Ugarska monarhija \u0161kolske 1914. godine i kao \u010detverorazredna \u0161kola radila je sve do II Svjetskog rata pa i u ratu sa manjim prekidima. Od 1945. do 1955. godine radila je kao \u0161estorazredna \u0161kola, a zatim \u0161kolske 1956\/1957. godine formirana je osmogodi\u0161nja \u0161kola, tako da je prva generacija zavr\u0161ila osmogodi\u0161nju \u0161kolu u&#8230;<\/p>\n","protected":false},"author":1,"featured_media":0,"parent":0,"menu_order":0,"comment_status":"closed","ping_status":"closed","template":"","meta":{"footnotes":""},"class_list":["post-8","page","type-page","status-publish","hentry"],"_links":{"self":[{"href":"http:\/\/osramic.edu.ba\/index.php?rest_route=\/wp\/v2\/pages\/8","targetHints":{"allow":["GET"]}}],"collection":[{"href":"http:\/\/osramic.edu.ba\/index.php?rest_route=\/wp\/v2\/pages"}],"about":[{"href":"http:\/\/osramic.edu.ba\/index.php?rest_route=\/wp\/v2\/types\/page"}],"author":[{"embeddable":true,"href":"http:\/\/osramic.edu.ba\/index.php?rest_route=\/wp\/v2\/users\/1"}],"replies":[{"embeddable":true,"href":"http:\/\/osramic.edu.ba\/index.php?rest_route=%2Fwp%2Fv2%2Fcomments&post=8"}],"version-history":[{"count":8,"href":"http:\/\/osramic.edu.ba\/index.php?rest_route=\/wp\/v2\/pages\/8\/revisions"}],"predecessor-version":[{"id":6319,"href":"http:\/\/osramic.edu.ba\/index.php?rest_route=\/wp\/v2\/pages\/8\/revisions\/6319"}],"wp:attachment":[{"href":"http:\/\/osramic.edu.ba\/index.php?rest_route=%2Fwp%2Fv2%2Fmedia&parent=8"}],"curies":[{"name":"wp","href":"https:\/\/api.w.org\/{rel}","templated":true}]}}