{"id":8657,"date":"2025-11-26T08:43:28","date_gmt":"2025-11-26T07:43:28","guid":{"rendered":"http:\/\/osramic.edu.ba\/?page_id=8657"},"modified":"2025-11-26T08:43:28","modified_gmt":"2025-11-26T07:43:28","slug":"javni-poziv-za-izbor-na-pozicije-predsjednika-i-clanove-skolskog-odbora-u-osnovnoj-skoli","status":"publish","type":"page","link":"http:\/\/osramic.edu.ba\/?page_id=8657","title":{"rendered":"&#8220;Javni poziv za izbor na pozicije predsjednika i \u010dlanove \u0161kolskog odbora u osnovnoj \u0161koli&#8221;"},"content":{"rendered":"<p><a href=\"https:\/\/mo.ks.gov.ba\/javni-oglasi-pozivi\/javni-oglas-za-izbor-i-imenovanje-na-pozicije-predsjednika-i-clanova-u-skolskim\">https:\/\/mo.ks.gov.ba\/javni-oglasi-pozivi\/javni-oglas-za-izbor-i-imenovanje-na-pozicije-predsjednika-i-clanova-u-skolskim<\/a><\/p>\n","protected":false},"excerpt":{"rendered":"<p>https:\/\/mo.ks.gov.ba\/javni-oglasi-pozivi\/javni-oglas-za-izbor-i-imenovanje-na-pozicije-predsjednika-i-clanova-u-skolskim<\/p>\n","protected":false},"author":1,"featured_media":0,"parent":0,"menu_order":0,"comment_status":"closed","ping_status":"closed","template":"","meta":{"footnotes":""},"class_list":["post-8657","page","type-page","status-publish","hentry"],"_links":{"self":[{"href":"http:\/\/osramic.edu.ba\/index.php?rest_route=\/wp\/v2\/pages\/8657","targetHints":{"allow":["GET"]}}],"collection":[{"href":"http:\/\/osramic.edu.ba\/index.php?rest_route=\/wp\/v2\/pages"}],"about":[{"href":"http:\/\/osramic.edu.ba\/index.php?rest_route=\/wp\/v2\/types\/page"}],"author":[{"embeddable":true,"href":"http:\/\/osramic.edu.ba\/index.php?rest_route=\/wp\/v2\/users\/1"}],"replies":[{"embeddable":true,"href":"http:\/\/osramic.edu.ba\/index.php?rest_route=%2Fwp%2Fv2%2Fcomments&post=8657"}],"version-history":[{"count":1,"href":"http:\/\/osramic.edu.ba\/index.php?rest_route=\/wp\/v2\/pages\/8657\/revisions"}],"predecessor-version":[{"id":8658,"href":"http:\/\/osramic.edu.ba\/index.php?rest_route=\/wp\/v2\/pages\/8657\/revisions\/8658"}],"wp:attachment":[{"href":"http:\/\/osramic.edu.ba\/index.php?rest_route=%2Fwp%2Fv2%2Fmedia&parent=8657"}],"curies":[{"name":"wp","href":"https:\/\/api.w.org\/{rel}","templated":true}]}}