{"id":8894,"date":"2026-03-25T15:19:30","date_gmt":"2026-03-25T14:19:30","guid":{"rendered":"http:\/\/osramic.edu.ba\/?page_id=8894"},"modified":"2026-03-25T15:19:30","modified_gmt":"2026-03-25T14:19:30","slug":"javni-oglas-za-izbor-i-imenovanje-na-pozicije-predsjednika-i-clanova-u-skolskim-odborima-osnovnih-skola-ks","status":"publish","type":"page","link":"http:\/\/osramic.edu.ba\/?page_id=8894","title":{"rendered":"JAVNI OGLAS za izbor i imenovanje na pozicije predsjednika i \u010dlanova u \u0161kolskim odborima osnovnih \u0161kola KS"},"content":{"rendered":"<a href=\"http:\/\/osramic.edu.ba\/wp-content\/uploads\/2026\/03\/NOVI-Javni-oglas-SO-osnovne-skole-mart-2026.pdf\" class=\"pdfemb-viewer\" style=\"width:300px;height:700px;\" data-width=\"300\" data-height=\"700\" data-toolbar=\"top\" data-toolbar-fixed=\"on\">NOVI Javni oglas \u0160O osnovne \u0161kole mart 2026.<\/a>\n<a href=\"http:\/\/osramic.edu.ba\/wp-content\/uploads\/2026\/03\/Obrasci-uz-prijavu-na-javni-poziv-za-predsjednika-i-clana-Skols.pdf\" class=\"pdfemb-viewer\" style=\"width:300px;height:700px;\" data-width=\"300\" data-height=\"700\" data-toolbar=\"top\" data-toolbar-fixed=\"on\">Obrasci uz prijavu na javni poziv za predsjednika i \u010dlana \u0160kols<\/a>\n","protected":false},"excerpt":{"rendered":"","protected":false},"author":1,"featured_media":0,"parent":0,"menu_order":0,"comment_status":"closed","ping_status":"closed","template":"","meta":{"footnotes":""},"class_list":["post-8894","page","type-page","status-publish","hentry"],"_links":{"self":[{"href":"http:\/\/osramic.edu.ba\/index.php?rest_route=\/wp\/v2\/pages\/8894","targetHints":{"allow":["GET"]}}],"collection":[{"href":"http:\/\/osramic.edu.ba\/index.php?rest_route=\/wp\/v2\/pages"}],"about":[{"href":"http:\/\/osramic.edu.ba\/index.php?rest_route=\/wp\/v2\/types\/page"}],"author":[{"embeddable":true,"href":"http:\/\/osramic.edu.ba\/index.php?rest_route=\/wp\/v2\/users\/1"}],"replies":[{"embeddable":true,"href":"http:\/\/osramic.edu.ba\/index.php?rest_route=%2Fwp%2Fv2%2Fcomments&post=8894"}],"version-history":[{"count":1,"href":"http:\/\/osramic.edu.ba\/index.php?rest_route=\/wp\/v2\/pages\/8894\/revisions"}],"predecessor-version":[{"id":8895,"href":"http:\/\/osramic.edu.ba\/index.php?rest_route=\/wp\/v2\/pages\/8894\/revisions\/8895"}],"wp:attachment":[{"href":"http:\/\/osramic.edu.ba\/index.php?rest_route=%2Fwp%2Fv2%2Fmedia&parent=8894"}],"curies":[{"name":"wp","href":"https:\/\/api.w.org\/{rel}","templated":true}]}}